{"id":6143,"date":"2020-03-23T12:12:52","date_gmt":"2020-03-23T11:12:52","guid":{"rendered":"https:\/\/www.gansrigler.com\/ausloeser\/?page_id=6143"},"modified":"2023-09-27T15:48:37","modified_gmt":"2023-09-27T13:48:37","slug":"ueber","status":"publish","type":"page","link":"https:\/\/www.gansrigler.com\/ausloeser\/ueber\/","title":{"rendered":"\u00dcber"},"content":{"rendered":"<h1>Eine andere Art von Fotomagazin<\/h1>\r\n<p>Ausl\u00f6ser ist ein zweisprachiges Indie-Print-Magazin, das sich auf die menschlichen Geschichten hinter der Kamera konzentriert. Jede Ausgabe enth\u00e4lt vier ausf\u00fchrliche Fotograf:inneninterviews, eine Hinter-den-Kulissen-Reportage und ein fotografisches Objekt im Detail.<\/p>\r\n<p>&nbsp;<\/p>\r\n\r\n<figure class=\"wp-block-image alignwide\"><img loading=\"lazy\" decoding=\"async\" width=\"1400\" height=\"933\" class=\"wp-image-686\" src=\"https:\/\/www.gansrigler.com\/ausloeser\/wp-content\/uploads\/2019\/05\/ausloeser-mag.jpg\" alt=\"\" srcset=\"https:\/\/www.gansrigler.com\/ausloeser\/wp-content\/uploads\/2019\/05\/ausloeser-mag.jpg 1400w, https:\/\/www.gansrigler.com\/ausloeser\/wp-content\/uploads\/2019\/05\/ausloeser-mag-600x400.jpg 600w, https:\/\/www.gansrigler.com\/ausloeser\/wp-content\/uploads\/2019\/05\/ausloeser-mag-300x200.jpg 300w, https:\/\/www.gansrigler.com\/ausloeser\/wp-content\/uploads\/2019\/05\/ausloeser-mag-768x512.jpg 768w, https:\/\/www.gansrigler.com\/ausloeser\/wp-content\/uploads\/2019\/05\/ausloeser-mag-1024x682.jpg 1024w\" sizes=\"auto, (max-width: 1400px) 100vw, 1400px\" \/><\/figure>\r\n\r\n<h6>Foto: \u00a9 Sebastian Gansrigler<\/h6>\r\n<h1>Mensch, nicht Technik<\/h1>\r\n<p>In Zeiten, in denen alles online existieren und immer schneller und schneller werden muss, kehren wir zum Wesentlichen zuru\u0308ck und zeigen ausfu\u0308hrliche, tiefgehende Interviews und Fotostrecken ausschlie\u00dflich in gedruckter Form.<\/p>\r\n<p>Aus pers\u00f6nlichem Interesse und Freude an der Fotografie haben wir immer mehr Fotograf:innen kennengelernt und deren Geschichten geh\u00f6rt. Und mit der Zeit ist die Idee, eine Publikation aus diesen vielen Erz\u00e4hlungen zu erschaffen, immer gr\u00f6\u00dfer geworden. Mit dem Ausl\u00f6ser m\u00f6chten wir die Fotografie entschleunigen und in reduzierter, unaufdringlicher Form unterschiedlichsten Fotograf:innen eine frische Pr\u00e4sentationsfl\u00e4che bieten. Wir zeigen die Menschen hinter der Kamera.<\/p>\r\n<p>Den Ausl\u00f6ser kann man nun in u\u0308ber 40 ausgew\u00e4hlten Galerien, Museumsshops, Magazin- und Buchhandlungen weltweit von Wien bis Russland, von Portugal bis China und u\u0308ber den Online-Shop erwerben. Dazu findet man auch jede Ausgabe an vielen Universit\u00e4ten und in Bibliotheken von Zu\u0308rich bis Amsterdam.<\/p>\r\n<p>Besonders u\u0308berrascht waren wir von dem sehr positiven Feedback von allen Seiten. Viele meinten auch, dass der Ausl\u00f6ser mehr ein Buch sei, weniger ein Magazin. Oder wie Allan Porter seine \u201ecamera\u201c-Zeitschrift (1966 &#8211; 1981) auf den Punkt brachte: \u201eein Museum ohne W\u00e4nde\u201c. In unserem Fall ein Museum auf 160 Seiten.<\/p>\r\n<p>Unser Ziel ist nach wie vor unterschiedlichste Fotograf:innen zu pr\u00e4sentieren und zu unterstu\u0308tzen, den Diskurs zur ku\u0308nstlerischen Fotografie zu f\u00f6rdern und ihn in frische, unbekannte Bahnen zu treiben. In jeder Ausgabe zeigen wir zwei Frauen und zwei M\u00e4nner, kombinieren Jung mit Alt, Beru\u0308hmt mit Unbekannt und vermischen jede Herkunft und Kultur, unabh\u00e4ngig von Themen und Kategorien.<\/p>\r\n<p>&nbsp;<\/p>\r\n<h1>Fakten<\/h1>\r\n<ul>\r\n<li>Format: 16 x 22 cm<\/li>\r\n<li>Seiten: 160<\/li>\r\n<li>Bindung: Schweizer Broschur mit offener Fadenheftung<\/li>\r\n<li>Sprache: Deutsch &amp; Englisch<\/li>\r\n<li>Preis: 20 \u20ac<\/li>\r\n<li>Vertrieb: Eigenvertrieb<\/li>\r\n<li>Logo Schrift: Calyces von <a href=\"http:\/\/charlotterohde.de\/\" target=\"_blank\" rel=\"noopener noreferrer\">Charlotte Rohde<\/a><\/li>\r\n<li>Body Schrift: Moderat von <a href=\"https:\/\/tightype.com\/\" target=\"_blank\" rel=\"noopener noreferrer\">Tightype<\/a><\/li>\r\n<li>ISSN 2617-4847<\/li>\r\n<\/ul>\r\n<p>&nbsp;<\/p>\r\n\r\n<figure class=\"wp-block-image alignwide\"><img loading=\"lazy\" decoding=\"async\" width=\"1200\" height=\"800\" class=\"wp-image-517\" src=\"https:\/\/www.gansrigler.com\/ausloeser\/wp-content\/uploads\/2019\/04\/about-ausloeser-team.jpg\" alt=\"\" srcset=\"https:\/\/www.gansrigler.com\/ausloeser\/wp-content\/uploads\/2019\/04\/about-ausloeser-team.jpg 1200w, https:\/\/www.gansrigler.com\/ausloeser\/wp-content\/uploads\/2019\/04\/about-ausloeser-team-600x400.jpg 600w, https:\/\/www.gansrigler.com\/ausloeser\/wp-content\/uploads\/2019\/04\/about-ausloeser-team-300x200.jpg 300w, https:\/\/www.gansrigler.com\/ausloeser\/wp-content\/uploads\/2019\/04\/about-ausloeser-team-768x512.jpg 768w, https:\/\/www.gansrigler.com\/ausloeser\/wp-content\/uploads\/2019\/04\/about-ausloeser-team-1024x683.jpg 1024w\" sizes=\"auto, (max-width: 1200px) 100vw, 1200px\" \/><\/figure>\r\n\r\n<h6>Foto: \u00a9 Michael Seidler<\/h6>\r\n<p>Ausl\u00f6ser Team, von links nach rechts: Martina Schreiner, Kay von Aspern, Veronika Gansrigler, Sebastian Gansrigler, Niko Havranek<\/p>\r\n<h1>Team<\/h1>\r\n<p><strong>Sebastian Gansrigler<\/strong><br \/>Herausgeber, Chefredakteur<\/p>\r\n<p>Sebastian Gansrigler, geboren 1994 im Burgenland, arbeitet als selbstst\u00e4ndiger Fotograf und Grafiker in Wien. Auftragsarbeiten fu\u0308r verschiedene Museen, Galerien und internationale Magazine. Er lernte Mediendesign und Medientechnik und absolvierte die Ausbildung zum diplomierten Berufsfotografen.<br \/><a href=\"https:\/\/www.gansrigler.com\/\" target=\"_blank\" rel=\"noopener noreferrer\">gansrigler.com<\/a><\/p>\r\n<p><strong><br \/>Kay von Aspern<\/strong><br \/>Redaktion<\/p>\r\n<p>Kay von Aspern, geboren 1962 in Norddeutschland, lebt seit 2007 in Wien. War lange im IT-Bereich t\u00e4tig. Jetzt selbstst\u00e4ndig mit Fotografie (Auftragsfotografie, Workshops) und Webdesign. Ku\u0308nstlerische Fotografie mit Schwerpunkt auf dem urbanen Raum. Seine Arbeiten wurden mehrfach in Deutschland, \u00d6sterreich und international ausgestellt und in zahlreichen Printmedien ver\u00f6ffentlicht.<br \/><a href=\"https:\/\/www.von-aspern.com\/\" target=\"_blank\" rel=\"noopener noreferrer\">von-aspern.com<\/a><\/p>\r\n<p><strong><br \/>Niko Havranek<\/strong><br \/>Redaktion<\/p>\r\n<p>Niko Havranek, 1987 geboren, ist freischaffender Fotograf, er lebt und arbeitet in Wien. Seine Ausbildung absolvierte er am Kolleg fu\u0308r Fotografie an der Graphischen sowie der Meisterklasse fu\u0308r Grafikdesign, er war aktiver Teil der Freien Klasse an der Akademie der Bildenden Ku\u0308nste. Schwerpunkte seiner Arbeit gelten Street-Photography, Portraits sowie Collagen.<br \/><a href=\"http:\/\/www.nikohavranek.com\/\" target=\"_blank\" rel=\"noopener noreferrer\">nikohavranek.com<\/a><\/p>\r\n<p><strong><br \/>Martina Schreiner<\/strong><br \/>Marketing<\/p>\r\n<p>Mag. Martina Schreiner, 1984 im Burgenland geboren, schloss ihr Diplom in Theater-, Film und Medienwissenschaft, Musikwissenschaft und Anglistik &amp; Amerikanistik in Wien ab. Jahrelange Erfahrung im Ku\u0308nstlermanagement, Agenturwesen und im Marketing, lebt und arbeitet seit 2002 in Wien.<\/p>\r\n<p><strong><br \/>Veronika Gansrigler<\/strong><br \/>Lektorat &amp; Translation<\/p>\r\n<p>Veronika Gansrigler, BA, 1989 im Burgenland geboren, schloss ihr Studium der Transkulturellen Kommunikation in den Sprachen Deutsch, Englisch, Franz\u00f6sisch sowie ihre Ausbildung im DaF-\/DaZ-Training in Wien ab. Seit vielen Jahren als DaF-\/DaZ-Trainerin t\u00e4tig, lebt und arbeitet in Wien.<\/p>\r\n<h1>Partnerschaften<\/h1>\r\n<p>Ausl\u00f6ser schafft ein kollaboratives Netzwerk von Unternehmen, die sich f\u00fcr Kunst und Kultur interessieren, und pr\u00e4sentiert sie als Partner in der Zeitschrift, auf der Website, in sozialen Medien, im Newsletter und bei Veranstaltungen. Ausl\u00f6ser setzt nicht auf klassische Werbung und schafft so ein einheitliches, optisch reduziertes Gesamtdesign. Sowohl Inhalt als auch Layout k\u00f6nnen ihre volle Wirkung entfalten. Werbung in Ausl\u00f6ser bedeutet eine sehr minimale Platzierung des Logos auf der ersten Seite und auf einer Doppelseite in der Mitte.<\/p>\r\n<h1>In der Presse<\/h1>\r\n<p>Analog.Cafe<br \/><a href=\"https:\/\/www.analog.cafe\/r\/ausloser-lqtk\" target=\"_blank\" rel=\"noopener\">https:\/\/www.analog.cafe\/r\/ausloser-lqtk<\/a><\/p>\r\n<p>The Eye of Photography \/ L&#8217;Oeil de la Photographie<br \/><a href=\"https:\/\/loeildelaphotographie.com\/en\/the-photographic-magazine-ausloser-is-celebrating-his-second-anniversary-dv\/\" target=\"_blank\" rel=\"noopener\">https:\/\/loeildelaphotographie.com\/en\/the-photographic-magazine-ausloser-is-celebrating-his-second-anniversary-dv\/<\/a><\/p>\r\n<p>Novum<br \/><a href=\"https:\/\/www.gansrigler.com\/ausloeser\/wp-content\/themes\/ausloeser-2021\/images\/Ausloeser-Novum-Oktober-2019.pdf\" target=\"_blank\" rel=\"noopener noreferrer\">https:\/\/www.gansrigler.com\/ausloeser\/wp-content\/themes\/ausloeser-2021\/images\/Ausloeser-Novum-Oktober-2019.pdf<\/a><\/p>\r\n<p>Slanted<br \/><a href=\"https:\/\/www.slanted.de\/ausloeser-photography-in-portrait-issue-1\/\" target=\"_blank\" rel=\"noopener noreferrer\">https:\/\/www.slanted.de\/ausloeser-photography-in-portrait-issue-1\/<\/a><\/p>\r\n<p>derStandard<br \/><a href=\"https:\/\/www.gansrigler.com\/ausloeser\/wp-content\/themes\/ausloeser-2021\/images\/Ausloeser-derStandard-November-2019.pdf\" target=\"_blank\" rel=\"noopener noreferrer\">https:\/\/www.gansrigler.com\/ausloeser\/wp-content\/themes\/ausloeser-2021\/images\/Ausloeser-derStandard-November-2019.pdf<\/a><\/p>\r\n<p>Monopol Magazin<br \/><a href=\"https:\/\/www.gansrigler.com\/ausloeser\/wp-content\/themes\/ausloeser-2021\/images\/Ausloeser-Monopol-Magazin-Juni-2019.pdf\" target=\"_blank\" rel=\"noopener noreferrer\">https:\/\/www.gansrigler.com\/ausloeser\/wp-content\/themes\/ausloeser-2021\/images\/Ausloeser-Monopol-Magazin-Juni-2019.pdf<\/a><\/p>\r\n<p>Fotointern.ch<br \/><a href=\"https:\/\/www.fotointern.ch\/archiv\/2021\/03\/20\/ausloeser-das-andersartige-fotomagazin\/\" target=\"_blank\" rel=\"noopener\">https:\/\/www.fotointern.ch\/archiv\/2021\/03\/20\/ausloeser-das-andersartige-fotomagazin\/<\/a><\/p>\r\n<p>Design made in Austria<br \/><a href=\"https:\/\/www.designmadeinaustria.com\/project\/ausloeser\/\" target=\"_blank\" rel=\"noopener noreferrer\">https:\/\/www.designmadeinaustria.com\/project\/ausloeser\/<\/a><\/p>\r\n<p>Les Nouveaux Riches<br \/><a href=\"https:\/\/www.les-nouveaux-riches.com\/fotomagazin-ausloeser-nr-4\/\" target=\"_blank\" rel=\"noopener\">https:\/\/www.les-nouveaux-riches.com\/fotomagazin-ausloeser-nr-4\/<\/a><\/p>\r\n<p>Designer in Action<br \/><a href=\"https:\/\/www.designerinaction.de\/fotografie\/ausloeser-vierte-ausgabe-des-unabhaengigen-fotomagazins\/\" target=\"_blank\" rel=\"noopener\">https:\/\/www.designerinaction.de\/fotografie\/ausloeser-vierte-ausgabe-des-unabhaengigen-fotomagazins\/<\/a><\/p>\r\n<p>Readers &amp; Publishers<br \/><a href=\"https:\/\/www.instagram.com\/p\/BwSOV4DlYLt\/\" target=\"_blank\" rel=\"noopener noreferrer\">https:\/\/www.instagram.com\/p\/BwSOV4DlYLt\/<\/a><\/p>\r\n<p>Hey That&#8217;s Nice<br \/><a href=\"https:\/\/www.heythatsniceblog.com\/blog\/meetausloser\" target=\"_blank\" rel=\"noopener noreferrer\">https:\/\/www.heythatsniceblog.com\/blog\/meetausloser<\/a><\/p>\r\n<p>Design &amp; Paper<br \/><a href=\"https:\/\/www.designandpaper.com\/photo-magazine-ausloser-focuses-on-the-human-stories-behind-the-camera\/\" target=\"_blank\" rel=\"noopener noreferrer\">https:\/\/www.designandpaper.com\/photo-magazine-ausloser-focuses-on-the-human-stories-behind-the-camera\/<\/a><\/p>\r\n<p>Beruf Fotograf<br \/><a href=\"https:\/\/beruf-fotograf.de\/2019\/03\/24\/neues-fotografie-magazin-aus-wien\/\" target=\"_blank\" rel=\"noopener noreferrer\">https:\/\/beruf-fotograf.de\/2019\/03\/24\/neues-fotografie-magazin-aus-wien\/<\/a><\/p>\r\n<p>Stilpirat<br \/><a href=\"https:\/\/www.facebook.com\/stilpirat\/posts\/2300870839957830\" target=\"_blank\" rel=\"noopener noreferrer\">https:\/\/www.facebook.com\/stilpirat\/posts\/2300870839957830<\/a><\/p>\r\n<p>Indiemags<br \/><a href=\"https:\/\/www.instagram.com\/p\/BxIHGZnhFhJ\/\" target=\"_blank\" rel=\"noopener noreferrer\">https:\/\/www.instagram.com\/p\/BxIHGZnhFhJ\/<\/a><\/p>\r\n<p>Fotogeschichte Zeitschrift<br \/><a href=\"http:\/\/www.fotogeschichte.info\/bisher-erschienen\/hefte-ab-126\/154\/buecher-fotogeschichte-154-2019\/\" target=\"_blank\" rel=\"noopener noreferrer\">http:\/\/www.fotogeschichte.info\/bisher-erschienen\/hefte-ab-126\/154\/buecher-fotogeschichte-154-2019\/<\/a><\/p>\r\n<p>Ted Forbes &#8211; Art of Photography<br \/><a href=\"https:\/\/www.youtube.com\/watch?v=umeOAjtmDSc&amp;t=323s\" target=\"_blank\" rel=\"noopener noreferrer\">https:\/\/www.youtube.com\/watch?v=umeOAjtmDSc&amp;t=323s<\/a><\/p>\r\n<p>BearBooks<br \/><a href=\"https:\/\/bearbooks.se\/2019\/07\/30\/ny-tvasprakig-osterrikisk-fototidskrift\/\" target=\"_blank\" rel=\"noopener noreferrer\">https:\/\/bearbooks.se\/2019\/07\/30\/ny-tvasprakig-osterrikisk-fototidskrift\/<\/a><\/p>\r\n<p>Druckwunder<br \/><a href=\"https:\/\/druckwunder.at\/2019\/04\/29\/neues-foto-magazin-mit-tiefgang\/\" target=\"_blank\" rel=\"noopener noreferrer\">https:\/\/druckwunder.at\/2019\/04\/29\/neues-foto-magazin-mit-tiefgang\/<\/a><\/p>\r\n<p>Kwerfeldein<br \/><a href=\"https:\/\/kwerfeldein.de\/2019\/04\/03\/ausloeser-fotomagazin\/\" target=\"_blank\" rel=\"noopener noreferrer\">https:\/\/kwerfeldein.de\/2019\/04\/03\/ausloeser-fotomagazin\/<\/a><\/p>\r\n<p>Kwerfeldein &#8211; Best of Street<br \/><a href=\"https:\/\/kwerfeldein.de\/2019\/09\/04\/ausloeser-best-of-street\/\" target=\"_blank\" rel=\"noopener noreferrer\">https:\/\/kwerfeldein.de\/2019\/09\/04\/ausloeser-best-of-street\/<\/a><\/p>\r\n<p>Obst &amp; Muse<br \/><a href=\"https:\/\/www.obstundmuse.com\/sebastian-gansrigler\/\" target=\"_blank\" rel=\"noopener noreferrer\">https:\/\/www.obstundmuse.com\/sebastian-gansrigler\/<\/a><\/p>\r\n<p>Magpile<br \/><a href=\"https:\/\/magpile.com\/ausloser\/\" target=\"_blank\" rel=\"noopener noreferrer\">https:\/\/magpile.com\/ausloser\/<\/a><\/p>\r\n<p>Mindsparkle Mag<br \/><a href=\"https:\/\/mindsparklemag.com\/website\/ausloser\/\" target=\"_blank\" rel=\"noopener noreferrer\">https:\/\/mindsparklemag.com\/website\/ausloser\/<\/a><\/p>\r\n<p>Das Kunstbuch &#8211; Marlene Obermayer<br \/><a href=\"https:\/\/www.instagram.com\/p\/BwUcmUjh8J1\/\" target=\"_blank\" rel=\"noopener noreferrer\">https:\/\/www.instagram.com\/p\/BwUcmUjh8J1\/<\/a><\/p>\r\n<p>Fotografische.de<br \/><a href=\"https:\/\/fotografische.de\/blog\/fotozeitschriften\/#Auslser\" target=\"_blank\" rel=\"noopener noreferrer\">https:\/\/fotografische.de\/blog\/fotozeitschriften\/#Auslser<\/a><\/p>\r\n<p>Analoge Fotografie<br \/><a href=\"https:\/\/analoge-fotografie.net\/blog\/fotomagazin-ausloeser\/\" target=\"_blank\" rel=\"noopener noreferrer\">https:\/\/analoge-fotografie.net\/blog\/fotomagazin-ausloeser\/<\/a><\/p>\r\n<p>Podcast Martin D\u00f6rsch &#8211; Bildbesprechung<br \/><a href=\"https:\/\/www.martindoersch.at\/2019\/09\/bb096-sebastian-gansrigler\/\" target=\"_blank\" rel=\"noopener noreferrer\">https:\/\/www.martindoersch.at\/2019\/09\/bb096-sebastian-gansrigler\/<\/a><\/p>\r\n<h1>Kontakt<\/h1>\r\n<p><strong>Ausl\u00f6ser<\/strong><br \/>Sebastian Gansrigler<br \/>Stumpergasse 53-55, Gassenlokal, 1060 Wien, \u00d6sterreich<br \/>E-Mail: <a href=\"mailto:office@gansrigler.com\">office@gansrigler.com<\/a><\/p>\r\n<p>Follow us:<br \/><a href=\"https:\/\/www.instagram.com\/ausloesermag\/\" target=\"_blank\" rel=\"noopener noreferrer\">Instagram<\/a><br \/><a href=\"https:\/\/www.facebook.com\/ausloesermag\/\" target=\"_blank\" rel=\"noopener noreferrer\">Facebook<\/a><br \/><a href=\"https:\/\/www.youtube.com\/channel\/UCOSujnCLdHQEUmOa-DfvmKA\" target=\"_blank\" rel=\"noopener noreferrer\">YouTube<\/a><\/p>\r\n<p>&nbsp;<\/p>","protected":false},"excerpt":{"rendered":"<p>Eine andere Art von Fotomagazin Ausl\u00f6ser ist ein zweisprachiges Indie-Print-Magazin, das sich auf die menschlichen Geschichten hinter der Kamera konzentriert. Jede Ausgabe enth\u00e4lt vier ausf\u00fchrliche Fotograf:inneninterviews, eine Hinter-den-Kulissen-Reportage und ein fotografisches Objekt im Detail. &nbsp; Foto: \u00a9 Sebastian Gansrigler Mensch, nicht Technik In Zeiten, in denen alles online existieren und immer schneller und schneller werden [&hellip;]<\/p>\n","protected":false},"author":1,"featured_media":0,"parent":0,"menu_order":0,"comment_status":"closed","ping_status":"closed","template":"templates\/template-small-wrapper.php","meta":{"_acf_changed":false,"footnotes":""},"class_list":["post-6143","page","type-page","status-publish","hentry"],"acf":[],"yoast_head":"<!-- This site is optimized with the Yoast SEO plugin v25.0 - https:\/\/yoast.com\/wordpress\/plugins\/seo\/ -->\n<title>\u00dcber &#8226; Ausl\u00f6ser<\/title>\n<meta name=\"robots\" content=\"index, follow, max-snippet:-1, max-image-preview:large, max-video-preview:-1\" \/>\n<link rel=\"canonical\" href=\"https:\/\/www.gansrigler.com\/ausloeser\/ueber\/\" \/>\n<meta property=\"og:locale\" content=\"de_DE\" \/>\n<meta property=\"og:type\" content=\"article\" \/>\n<meta property=\"og:title\" content=\"\u00dcber &#8226; Ausl\u00f6ser\" \/>\n<meta property=\"og:description\" content=\"Eine andere Art von Fotomagazin Ausl\u00f6ser ist ein zweisprachiges Indie-Print-Magazin, das sich auf die menschlichen Geschichten hinter der Kamera konzentriert. Jede Ausgabe enth\u00e4lt vier ausf\u00fchrliche Fotograf:inneninterviews, eine Hinter-den-Kulissen-Reportage und ein fotografisches Objekt im Detail. &nbsp; Foto: \u00a9 Sebastian Gansrigler Mensch, nicht Technik In Zeiten, in denen alles online existieren und immer schneller und schneller werden [&hellip;]\" \/>\n<meta property=\"og:url\" content=\"https:\/\/www.gansrigler.com\/ausloeser\/ueber\/\" \/>\n<meta property=\"og:site_name\" content=\"Ausl\u00f6ser\" \/>\n<meta property=\"article:publisher\" content=\"https:\/\/www.facebook.com\/ausloesermag\/\" \/>\n<meta property=\"article:modified_time\" content=\"2023-09-27T13:48:37+00:00\" \/>\n<meta property=\"og:image\" content=\"https:\/\/www.gansrigler.com\/ausloeser\/wp-content\/uploads\/2019\/05\/ausloeser-mag.jpg\" \/>\n<meta name=\"twitter:card\" content=\"summary_large_image\" \/>\n<meta name=\"twitter:site\" content=\"@ausloesermag\" \/>\n<meta name=\"twitter:label1\" content=\"Gesch\u00e4tzte Lesezeit\" \/>\n\t<meta name=\"twitter:data1\" content=\"5\u00a0Minuten\" \/>\n<script type=\"application\/ld+json\" class=\"yoast-schema-graph\">{\"@context\":\"https:\/\/schema.org\",\"@graph\":[{\"@type\":\"WebPage\",\"@id\":\"https:\/\/www.gansrigler.com\/ausloeser\/ueber\/\",\"url\":\"https:\/\/www.gansrigler.com\/ausloeser\/ueber\/\",\"name\":\"\u00dcber &#8226; Ausl\u00f6ser\",\"isPartOf\":{\"@id\":\"https:\/\/www.gansrigler.com\/ausloeser\/#website\"},\"primaryImageOfPage\":{\"@id\":\"https:\/\/www.gansrigler.com\/ausloeser\/ueber\/#primaryimage\"},\"image\":{\"@id\":\"https:\/\/www.gansrigler.com\/ausloeser\/ueber\/#primaryimage\"},\"thumbnailUrl\":\"https:\/\/www.gansrigler.com\/ausloeser\/wp-content\/uploads\/2019\/05\/ausloeser-mag.jpg\",\"datePublished\":\"2020-03-23T11:12:52+00:00\",\"dateModified\":\"2023-09-27T13:48:37+00:00\",\"breadcrumb\":{\"@id\":\"https:\/\/www.gansrigler.com\/ausloeser\/ueber\/#breadcrumb\"},\"inLanguage\":\"de\",\"potentialAction\":[{\"@type\":\"ReadAction\",\"target\":[\"https:\/\/www.gansrigler.com\/ausloeser\/ueber\/\"]}]},{\"@type\":\"ImageObject\",\"inLanguage\":\"de\",\"@id\":\"https:\/\/www.gansrigler.com\/ausloeser\/ueber\/#primaryimage\",\"url\":\"https:\/\/www.gansrigler.com\/ausloeser\/wp-content\/uploads\/2019\/05\/ausloeser-mag.jpg\",\"contentUrl\":\"https:\/\/www.gansrigler.com\/ausloeser\/wp-content\/uploads\/2019\/05\/ausloeser-mag.jpg\",\"width\":1400,\"height\":933},{\"@type\":\"BreadcrumbList\",\"@id\":\"https:\/\/www.gansrigler.com\/ausloeser\/ueber\/#breadcrumb\",\"itemListElement\":[{\"@type\":\"ListItem\",\"position\":1,\"name\":\"Startseite\",\"item\":\"https:\/\/www.gansrigler.com\/ausloeser\/en\/\"},{\"@type\":\"ListItem\",\"position\":2,\"name\":\"\u00dcber\"}]},{\"@type\":\"WebSite\",\"@id\":\"https:\/\/www.gansrigler.com\/ausloeser\/#website\",\"url\":\"https:\/\/www.gansrigler.com\/ausloeser\/\",\"name\":\"Ausl\u00f6ser\",\"description\":\"\",\"publisher\":{\"@id\":\"https:\/\/www.gansrigler.com\/ausloeser\/#organization\"},\"potentialAction\":[{\"@type\":\"SearchAction\",\"target\":{\"@type\":\"EntryPoint\",\"urlTemplate\":\"https:\/\/www.gansrigler.com\/ausloeser\/?s={search_term_string}\"},\"query-input\":{\"@type\":\"PropertyValueSpecification\",\"valueRequired\":true,\"valueName\":\"search_term_string\"}}],\"inLanguage\":\"de\"},{\"@type\":\"Organization\",\"@id\":\"https:\/\/www.gansrigler.com\/ausloeser\/#organization\",\"name\":\"Ausl\u00f6ser\",\"url\":\"https:\/\/www.gansrigler.com\/ausloeser\/\",\"logo\":{\"@type\":\"ImageObject\",\"inLanguage\":\"de\",\"@id\":\"https:\/\/www.gansrigler.com\/ausloeser\/#\/schema\/logo\/image\/\",\"url\":\"https:\/\/www.gansrigler.com\/ausloeser\/wp-content\/uploads\/2019\/01\/logo-e1546802826160.png\",\"contentUrl\":\"https:\/\/www.gansrigler.com\/ausloeser\/wp-content\/uploads\/2019\/01\/logo-e1546802826160.png\",\"width\":299,\"height\":67,\"caption\":\"Ausl\u00f6ser\"},\"image\":{\"@id\":\"https:\/\/www.gansrigler.com\/ausloeser\/#\/schema\/logo\/image\/\"},\"sameAs\":[\"https:\/\/www.facebook.com\/ausloesermag\/\",\"https:\/\/x.com\/ausloesermag\",\"https:\/\/www.instagram.com\/ausloesermag\/\"]}]}<\/script>\n<!-- \/ Yoast SEO plugin. -->","yoast_head_json":{"title":"\u00dcber &#8226; Ausl\u00f6ser","robots":{"index":"index","follow":"follow","max-snippet":"max-snippet:-1","max-image-preview":"max-image-preview:large","max-video-preview":"max-video-preview:-1"},"canonical":"https:\/\/www.gansrigler.com\/ausloeser\/ueber\/","og_locale":"de_DE","og_type":"article","og_title":"\u00dcber &#8226; Ausl\u00f6ser","og_description":"Eine andere Art von Fotomagazin Ausl\u00f6ser ist ein zweisprachiges Indie-Print-Magazin, das sich auf die menschlichen Geschichten hinter der Kamera konzentriert. Jede Ausgabe enth\u00e4lt vier ausf\u00fchrliche Fotograf:inneninterviews, eine Hinter-den-Kulissen-Reportage und ein fotografisches Objekt im Detail. &nbsp; Foto: \u00a9 Sebastian Gansrigler Mensch, nicht Technik In Zeiten, in denen alles online existieren und immer schneller und schneller werden [&hellip;]","og_url":"https:\/\/www.gansrigler.com\/ausloeser\/ueber\/","og_site_name":"Ausl\u00f6ser","article_publisher":"https:\/\/www.facebook.com\/ausloesermag\/","article_modified_time":"2023-09-27T13:48:37+00:00","og_image":[{"url":"https:\/\/www.gansrigler.com\/ausloeser\/wp-content\/uploads\/2019\/05\/ausloeser-mag.jpg","type":"","width":"","height":""}],"twitter_card":"summary_large_image","twitter_site":"@ausloesermag","twitter_misc":{"Gesch\u00e4tzte Lesezeit":"5\u00a0Minuten"},"schema":{"@context":"https:\/\/schema.org","@graph":[{"@type":"WebPage","@id":"https:\/\/www.gansrigler.com\/ausloeser\/ueber\/","url":"https:\/\/www.gansrigler.com\/ausloeser\/ueber\/","name":"\u00dcber &#8226; Ausl\u00f6ser","isPartOf":{"@id":"https:\/\/www.gansrigler.com\/ausloeser\/#website"},"primaryImageOfPage":{"@id":"https:\/\/www.gansrigler.com\/ausloeser\/ueber\/#primaryimage"},"image":{"@id":"https:\/\/www.gansrigler.com\/ausloeser\/ueber\/#primaryimage"},"thumbnailUrl":"https:\/\/www.gansrigler.com\/ausloeser\/wp-content\/uploads\/2019\/05\/ausloeser-mag.jpg","datePublished":"2020-03-23T11:12:52+00:00","dateModified":"2023-09-27T13:48:37+00:00","breadcrumb":{"@id":"https:\/\/www.gansrigler.com\/ausloeser\/ueber\/#breadcrumb"},"inLanguage":"de","potentialAction":[{"@type":"ReadAction","target":["https:\/\/www.gansrigler.com\/ausloeser\/ueber\/"]}]},{"@type":"ImageObject","inLanguage":"de","@id":"https:\/\/www.gansrigler.com\/ausloeser\/ueber\/#primaryimage","url":"https:\/\/www.gansrigler.com\/ausloeser\/wp-content\/uploads\/2019\/05\/ausloeser-mag.jpg","contentUrl":"https:\/\/www.gansrigler.com\/ausloeser\/wp-content\/uploads\/2019\/05\/ausloeser-mag.jpg","width":1400,"height":933},{"@type":"BreadcrumbList","@id":"https:\/\/www.gansrigler.com\/ausloeser\/ueber\/#breadcrumb","itemListElement":[{"@type":"ListItem","position":1,"name":"Startseite","item":"https:\/\/www.gansrigler.com\/ausloeser\/en\/"},{"@type":"ListItem","position":2,"name":"\u00dcber"}]},{"@type":"WebSite","@id":"https:\/\/www.gansrigler.com\/ausloeser\/#website","url":"https:\/\/www.gansrigler.com\/ausloeser\/","name":"Ausl\u00f6ser","description":"","publisher":{"@id":"https:\/\/www.gansrigler.com\/ausloeser\/#organization"},"potentialAction":[{"@type":"SearchAction","target":{"@type":"EntryPoint","urlTemplate":"https:\/\/www.gansrigler.com\/ausloeser\/?s={search_term_string}"},"query-input":{"@type":"PropertyValueSpecification","valueRequired":true,"valueName":"search_term_string"}}],"inLanguage":"de"},{"@type":"Organization","@id":"https:\/\/www.gansrigler.com\/ausloeser\/#organization","name":"Ausl\u00f6ser","url":"https:\/\/www.gansrigler.com\/ausloeser\/","logo":{"@type":"ImageObject","inLanguage":"de","@id":"https:\/\/www.gansrigler.com\/ausloeser\/#\/schema\/logo\/image\/","url":"https:\/\/www.gansrigler.com\/ausloeser\/wp-content\/uploads\/2019\/01\/logo-e1546802826160.png","contentUrl":"https:\/\/www.gansrigler.com\/ausloeser\/wp-content\/uploads\/2019\/01\/logo-e1546802826160.png","width":299,"height":67,"caption":"Ausl\u00f6ser"},"image":{"@id":"https:\/\/www.gansrigler.com\/ausloeser\/#\/schema\/logo\/image\/"},"sameAs":["https:\/\/www.facebook.com\/ausloesermag\/","https:\/\/x.com\/ausloesermag","https:\/\/www.instagram.com\/ausloesermag\/"]}]}},"_links":{"self":[{"href":"https:\/\/www.gansrigler.com\/ausloeser\/wp-json\/wp\/v2\/pages\/6143","targetHints":{"allow":["GET"]}}],"collection":[{"href":"https:\/\/www.gansrigler.com\/ausloeser\/wp-json\/wp\/v2\/pages"}],"about":[{"href":"https:\/\/www.gansrigler.com\/ausloeser\/wp-json\/wp\/v2\/types\/page"}],"author":[{"embeddable":true,"href":"https:\/\/www.gansrigler.com\/ausloeser\/wp-json\/wp\/v2\/users\/1"}],"replies":[{"embeddable":true,"href":"https:\/\/www.gansrigler.com\/ausloeser\/wp-json\/wp\/v2\/comments?post=6143"}],"version-history":[{"count":23,"href":"https:\/\/www.gansrigler.com\/ausloeser\/wp-json\/wp\/v2\/pages\/6143\/revisions"}],"predecessor-version":[{"id":8016,"href":"https:\/\/www.gansrigler.com\/ausloeser\/wp-json\/wp\/v2\/pages\/6143\/revisions\/8016"}],"wp:attachment":[{"href":"https:\/\/www.gansrigler.com\/ausloeser\/wp-json\/wp\/v2\/media?parent=6143"}],"curies":[{"name":"wp","href":"https:\/\/api.w.org\/{rel}","templated":true}]}}