{"id":6420,"date":"2021-01-15T17:23:12","date_gmt":"2021-01-15T16:23:12","guid":{"rendered":"https:\/\/www.gansrigler.com\/ausloeser\/?page_id=6420"},"modified":"2023-09-27T15:47:14","modified_gmt":"2023-09-27T13:47:14","slug":"agb","status":"publish","type":"page","link":"https:\/\/www.gansrigler.com\/ausloeser\/agb\/","title":{"rendered":"AGB"},"content":{"rendered":"<h2><strong>Gesch\u00e4ftsbedingungen<\/strong><\/h2>\n<p>Wenn Sie unsere Website besuchen und \/ oder etwas von uns kaufen, nehmen Sie an unserem \u201eService\u201c teil und erkl\u00e4ren sich damit einverstanden, an die folgenden Bedingungen (\u201eNutzungsbedingungen\u201c, \u201eBedingungen\u201c) gebunden zu sein, einschlie\u00dflich dieser zus\u00e4tzlichen Bedingungen und Richtlinien hierin referenziert und \/ oder per Hyperlink verf\u00fcgbar. Diese Nutzungsbedingungen gelten f\u00fcr alle Benutzer der Website, einschlie\u00dflich, jedoch nicht beschr\u00e4nkt auf Benutzer, die Browser, Anbieter, Kunden, H\u00e4ndler und \/ oder Mitwirkende von Inhalten sind.<\/p>\n<p>Durch den Zugriff auf oder die Nutzung eines Teils der Website erkl\u00e4ren Sie sich mit diesen Nutzungsbedingungen einverstanden. Wenn Sie nicht allen Bedingungen dieser Vereinbarung zustimmen, d\u00fcrfen Sie nicht auf die Website zugreifen oder Dienste nutzen. Wenn diese Nutzungsbedingungen als Angebot betrachtet werden, ist die Annahme ausdr\u00fccklich auf diese Nutzungsbedingungen beschr\u00e4nkt.<\/p>\n<p><strong>ONLINE-SPEICHERBEDINGUNGEN<\/strong><\/p>\n<p>Durch die Zustimmung zu diesen Nutzungsbedingungen erkl\u00e4ren Sie, dass Sie in Ihrem Bundesstaat oder Ihrer Wohnprovinz mindestens vollj\u00e4hrig sind oder dass Sie in Ihrem Bundesland oder Ihrer Wohnprovinz mehrheitlich alt sind und dass Sie uns Ihre Zustimmung dazu erteilt haben Erlauben Sie einem Ihrer minderj\u00e4hrigen Angeh\u00f6rigen, diese Website zu nutzen. Sie d\u00fcrfen unsere Produkte weder f\u00fcr illegale oder nicht autorisierte Zwecke verwenden, noch d\u00fcrfen Sie bei der Nutzung des Dienstes gegen Gesetze in Ihrer Gerichtsbarkeit versto\u00dfen (einschlie\u00dflich, aber nicht beschr\u00e4nkt auf Urheberrechtsgesetze). Sie d\u00fcrfen keine W\u00fcrmer, Viren oder Codes destruktiver Art \u00fcbertragen. Ein Versto\u00df oder eine Verletzung einer der Bedingungen f\u00fchrt zur sofortigen Beendigung Ihrer Dienste.<\/p>\n<p><strong>ALLGEMEINE BEDINGUNGEN<\/strong><\/p>\n<p>Wir behalten uns das Recht vor, den Service jederzeit aus irgendeinem Grund zu verweigern.<br \/>\nSie verstehen, dass Ihre Inhalte (ohne Kreditkarteninformationen) unverschl\u00fcsselt \u00fcbertragen werden k\u00f6nnen und (a) \u00dcbertragungen \u00fcber verschiedene Netzwerke beinhalten; und (b) \u00c4nderungen zur Anpassung an die technischen Anforderungen beim Verbinden von Netzwerken oder Ger\u00e4ten. Kreditkarteninformationen werden bei der \u00dcbertragung \u00fcber Netzwerke immer verschl\u00fcsselt.<br \/>\nSie erkl\u00e4ren sich damit einverstanden, keinen Teil des Dienstes, die Nutzung des Dienstes oder den Zugriff auf den Dienst oder einen Kontakt auf der Website, \u00fcber die der Dienst bereitgestellt wird, ohne ausdr\u00fcckliche schriftliche Genehmigung von uns zu reproduzieren, zu vervielf\u00e4ltigen, zu kopieren, zu verkaufen, weiterzuverkaufen oder zu nutzen .<br \/>\nDie in dieser Vereinbarung verwendeten \u00dcberschriften sind nur zur Vereinfachung enthalten und werden diese Bedingungen nicht einschr\u00e4nken oder anderweitig beeinflussen.<\/p>\n<p><strong>\u00c4NDERUNGEN DES DIENSTES UND DER PREISE<\/strong><\/p>\n<p>Die Preise f\u00fcr unsere Produkte k\u00f6nnen ohne vorherige Ank\u00fcndigung ge\u00e4ndert werden.<br \/>\nWir behalten uns das Recht vor, den Service (oder Teile oder Inhalte davon) jederzeit ohne vorherige Ank\u00fcndigung zu \u00e4ndern oder einzustellen.<br \/>\nWir haften weder Ihnen noch Dritten gegen\u00fcber f\u00fcr \u00c4nderungen, Preis\u00e4nderungen, Aussetzungen oder die Einstellung des Dienstes.<\/p>\n<p><strong>PRODUKTE ODER DIENSTLEISTUNGEN<\/strong><\/p>\n<p>Bestimmte Produkte oder Dienstleistungen sind m\u00f6glicherweise ausschlie\u00dflich online \u00fcber die Website verf\u00fcgbar. Diese Produkte oder Dienstleistungen haben m\u00f6glicherweise begrenzte Mengen und k\u00f6nnen nur gem\u00e4\u00df unseren R\u00fcckgabebedingungen zur\u00fcckgegeben oder umgetauscht werden.<br \/>\nWir haben alle Anstrengungen unternommen, um die Farben und Bilder unserer Produkte, die im Gesch\u00e4ft erscheinen, so genau wie m\u00f6glich anzuzeigen. Wir k\u00f6nnen nicht garantieren, dass die Farbanzeige Ihres Computermonitors korrekt ist.<br \/>\nWir behalten uns das Recht vor, sind jedoch nicht verpflichtet, den Verkauf unserer Produkte oder Dienstleistungen auf Personen, geografische Regionen oder Gerichtsbarkeiten zu beschr\u00e4nken. Wir k\u00f6nnen dieses Recht von Fall zu Fall aus\u00fcben. Wir behalten uns das Recht vor, die Menge der von uns angebotenen Produkte oder Dienstleistungen zu begrenzen. Alle Produktbeschreibungen oder Produktpreise k\u00f6nnen jederzeit ohne vorherige Ank\u00fcndigung nach alleinigem Ermessen von uns ge\u00e4ndert werden. Wir behalten uns das Recht vor, Produkte jederzeit einzustellen. Jedes Angebot f\u00fcr Produkte oder Dienstleistungen auf dieser Website ist ung\u00fcltig, sofern dies verboten ist.<br \/>\nWir \u00fcbernehmen keine Garantie daf\u00fcr, dass die Qualit\u00e4t von Produkten, Dienstleistungen, Informationen oder anderem Material, das Sie gekauft oder erhalten haben, Ihren Erwartungen entspricht oder dass Fehler im Service korrigiert werden.<\/p>\n<p><strong>VERSAND<\/strong><\/p>\n<p>Ausl\u00f6ser kann nicht f\u00fcr fehlende, falsch gelieferte oder nicht zustellbare Pakete aufgrund falsch eingegebener Versandinformationen verantwortlich gemacht werden. Wir werden alle Anstrengungen unternehmen, um fehlende Bestellungen aufzusp\u00fcren. In dem Fall, dass eine Ersatzbestellung erfolgen muss, geht dies jedoch zu Lasten des Kunden. Ausl\u00f6ser kann nicht f\u00fcr besch\u00e4digte Pakete verantwortlich gemacht werden.<\/p>\n<p><strong>GENAUIGKEIT DER RECHNUNGS- UND KONTOINFORMATIONEN<\/strong><\/p>\n<p>Wir behalten uns das Recht vor, Bestellungen, die Sie bei uns aufgeben, abzulehnen. Wir k\u00f6nnen nach eigenem Ermessen die pro Person, pro Haushalt oder pro Bestellung gekauften Mengen begrenzen oder stornieren. Diese Einschr\u00e4nkungen k\u00f6nnen Bestellungen von oder unter demselben Kundenkonto, derselben Kreditkarte und \/ oder Bestellungen mit derselben Rechnungs- und \/ oder Lieferadresse umfassen. Falls wir eine Bestellung \u00e4ndern oder stornieren, k\u00f6nnen wir versuchen, Sie zu benachrichtigen, indem wir die zum Zeitpunkt der Bestellung angegebene E-Mail-Adresse und \/ oder Rechnungsadresse \/ Telefonnummer kontaktieren. Wir behalten uns das Recht vor, Bestellungen zu beschr\u00e4nken oder zu verbieten, die nach unserem alleinigen Ermessen von H\u00e4ndlern, Wiederverk\u00e4ufern oder H\u00e4ndlern erteilt werden.<\/p>\n<p>Sie erkl\u00e4ren sich damit einverstanden, Strom bereitzustellen, vollst\u00e4ndige und genaue Kauf- und Kontoinformationen f\u00fcr alle in unserem Gesch\u00e4ft get\u00e4tigten Eink\u00e4ufe. Sie erkl\u00e4ren sich damit einverstanden, Ihr Konto und andere Informationen, einschlie\u00dflich Ihrer E-Mail-Adresse, Kreditkartennummern und Ablaufdaten, umgehend zu aktualisieren, damit wir Ihre Transaktionen abschlie\u00dfen und Sie bei Bedarf kontaktieren k\u00f6nnen.<\/p>\n<p><strong>KONTAKT<\/strong><\/p>\n<p>Sebastian Gansrigler<br \/>\nStumpergasse 53-55, Gassenlokal, 1060 Wien, \u00d6sterreich<br \/>\noffice@gansrigler.com<\/p>\n","protected":false},"excerpt":{"rendered":"<p>Gesch\u00e4ftsbedingungen Wenn Sie unsere Website besuchen und \/ oder etwas von uns kaufen, nehmen Sie an unserem \u201eService\u201c teil und erkl\u00e4ren sich damit einverstanden, an die folgenden Bedingungen (\u201eNutzungsbedingungen\u201c, \u201eBedingungen\u201c) gebunden zu sein, einschlie\u00dflich dieser zus\u00e4tzlichen Bedingungen und Richtlinien hierin referenziert und \/ oder per Hyperlink verf\u00fcgbar. Diese Nutzungsbedingungen gelten f\u00fcr alle Benutzer der Website, [&hellip;]<\/p>\n","protected":false},"author":1,"featured_media":0,"parent":0,"menu_order":0,"comment_status":"closed","ping_status":"closed","template":"templates\/template-small-wrapper.php","meta":{"_acf_changed":false,"footnotes":""},"class_list":["post-6420","page","type-page","status-publish","hentry"],"acf":[],"yoast_head":"<!-- This site is optimized with the Yoast SEO plugin v25.0 - https:\/\/yoast.com\/wordpress\/plugins\/seo\/ -->\n<title>AGB &#8226; Ausl\u00f6ser<\/title>\n<meta name=\"robots\" content=\"index, follow, max-snippet:-1, max-image-preview:large, max-video-preview:-1\" \/>\n<link rel=\"canonical\" href=\"https:\/\/www.gansrigler.com\/ausloeser\/agb\/\" \/>\n<meta property=\"og:locale\" content=\"de_DE\" \/>\n<meta property=\"og:type\" content=\"article\" \/>\n<meta property=\"og:title\" content=\"AGB &#8226; Ausl\u00f6ser\" \/>\n<meta property=\"og:description\" content=\"Gesch\u00e4ftsbedingungen Wenn Sie unsere Website besuchen und \/ oder etwas von uns kaufen, nehmen Sie an unserem \u201eService\u201c teil und erkl\u00e4ren sich damit einverstanden, an die folgenden Bedingungen (\u201eNutzungsbedingungen\u201c, \u201eBedingungen\u201c) gebunden zu sein, einschlie\u00dflich dieser zus\u00e4tzlichen Bedingungen und Richtlinien hierin referenziert und \/ oder per Hyperlink verf\u00fcgbar. Diese Nutzungsbedingungen gelten f\u00fcr alle Benutzer der Website, [&hellip;]\" \/>\n<meta property=\"og:url\" content=\"https:\/\/www.gansrigler.com\/ausloeser\/agb\/\" \/>\n<meta property=\"og:site_name\" content=\"Ausl\u00f6ser\" \/>\n<meta property=\"article:publisher\" content=\"https:\/\/www.facebook.com\/ausloesermag\/\" \/>\n<meta property=\"article:modified_time\" content=\"2023-09-27T13:47:14+00:00\" \/>\n<meta name=\"twitter:card\" content=\"summary_large_image\" \/>\n<meta name=\"twitter:site\" content=\"@ausloesermag\" \/>\n<meta name=\"twitter:label1\" content=\"Gesch\u00e4tzte Lesezeit\" \/>\n\t<meta name=\"twitter:data1\" content=\"5\u00a0Minuten\" \/>\n<script type=\"application\/ld+json\" class=\"yoast-schema-graph\">{\"@context\":\"https:\/\/schema.org\",\"@graph\":[{\"@type\":\"WebPage\",\"@id\":\"https:\/\/www.gansrigler.com\/ausloeser\/agb\/\",\"url\":\"https:\/\/www.gansrigler.com\/ausloeser\/agb\/\",\"name\":\"AGB &#8226; Ausl\u00f6ser\",\"isPartOf\":{\"@id\":\"https:\/\/www.gansrigler.com\/ausloeser\/#website\"},\"datePublished\":\"2021-01-15T16:23:12+00:00\",\"dateModified\":\"2023-09-27T13:47:14+00:00\",\"breadcrumb\":{\"@id\":\"https:\/\/www.gansrigler.com\/ausloeser\/agb\/#breadcrumb\"},\"inLanguage\":\"de\",\"potentialAction\":[{\"@type\":\"ReadAction\",\"target\":[\"https:\/\/www.gansrigler.com\/ausloeser\/agb\/\"]}]},{\"@type\":\"BreadcrumbList\",\"@id\":\"https:\/\/www.gansrigler.com\/ausloeser\/agb\/#breadcrumb\",\"itemListElement\":[{\"@type\":\"ListItem\",\"position\":1,\"name\":\"Startseite\",\"item\":\"https:\/\/www.gansrigler.com\/ausloeser\/en\/\"},{\"@type\":\"ListItem\",\"position\":2,\"name\":\"AGB\"}]},{\"@type\":\"WebSite\",\"@id\":\"https:\/\/www.gansrigler.com\/ausloeser\/#website\",\"url\":\"https:\/\/www.gansrigler.com\/ausloeser\/\",\"name\":\"Ausl\u00f6ser\",\"description\":\"\",\"publisher\":{\"@id\":\"https:\/\/www.gansrigler.com\/ausloeser\/#organization\"},\"potentialAction\":[{\"@type\":\"SearchAction\",\"target\":{\"@type\":\"EntryPoint\",\"urlTemplate\":\"https:\/\/www.gansrigler.com\/ausloeser\/?s={search_term_string}\"},\"query-input\":{\"@type\":\"PropertyValueSpecification\",\"valueRequired\":true,\"valueName\":\"search_term_string\"}}],\"inLanguage\":\"de\"},{\"@type\":\"Organization\",\"@id\":\"https:\/\/www.gansrigler.com\/ausloeser\/#organization\",\"name\":\"Ausl\u00f6ser\",\"url\":\"https:\/\/www.gansrigler.com\/ausloeser\/\",\"logo\":{\"@type\":\"ImageObject\",\"inLanguage\":\"de\",\"@id\":\"https:\/\/www.gansrigler.com\/ausloeser\/#\/schema\/logo\/image\/\",\"url\":\"https:\/\/www.gansrigler.com\/ausloeser\/wp-content\/uploads\/2019\/01\/logo-e1546802826160.png\",\"contentUrl\":\"https:\/\/www.gansrigler.com\/ausloeser\/wp-content\/uploads\/2019\/01\/logo-e1546802826160.png\",\"width\":299,\"height\":67,\"caption\":\"Ausl\u00f6ser\"},\"image\":{\"@id\":\"https:\/\/www.gansrigler.com\/ausloeser\/#\/schema\/logo\/image\/\"},\"sameAs\":[\"https:\/\/www.facebook.com\/ausloesermag\/\",\"https:\/\/x.com\/ausloesermag\",\"https:\/\/www.instagram.com\/ausloesermag\/\"]}]}<\/script>\n<!-- \/ Yoast SEO plugin. -->","yoast_head_json":{"title":"AGB &#8226; Ausl\u00f6ser","robots":{"index":"index","follow":"follow","max-snippet":"max-snippet:-1","max-image-preview":"max-image-preview:large","max-video-preview":"max-video-preview:-1"},"canonical":"https:\/\/www.gansrigler.com\/ausloeser\/agb\/","og_locale":"de_DE","og_type":"article","og_title":"AGB &#8226; Ausl\u00f6ser","og_description":"Gesch\u00e4ftsbedingungen Wenn Sie unsere Website besuchen und \/ oder etwas von uns kaufen, nehmen Sie an unserem \u201eService\u201c teil und erkl\u00e4ren sich damit einverstanden, an die folgenden Bedingungen (\u201eNutzungsbedingungen\u201c, \u201eBedingungen\u201c) gebunden zu sein, einschlie\u00dflich dieser zus\u00e4tzlichen Bedingungen und Richtlinien hierin referenziert und \/ oder per Hyperlink verf\u00fcgbar. Diese Nutzungsbedingungen gelten f\u00fcr alle Benutzer der Website, [&hellip;]","og_url":"https:\/\/www.gansrigler.com\/ausloeser\/agb\/","og_site_name":"Ausl\u00f6ser","article_publisher":"https:\/\/www.facebook.com\/ausloesermag\/","article_modified_time":"2023-09-27T13:47:14+00:00","twitter_card":"summary_large_image","twitter_site":"@ausloesermag","twitter_misc":{"Gesch\u00e4tzte Lesezeit":"5\u00a0Minuten"},"schema":{"@context":"https:\/\/schema.org","@graph":[{"@type":"WebPage","@id":"https:\/\/www.gansrigler.com\/ausloeser\/agb\/","url":"https:\/\/www.gansrigler.com\/ausloeser\/agb\/","name":"AGB &#8226; Ausl\u00f6ser","isPartOf":{"@id":"https:\/\/www.gansrigler.com\/ausloeser\/#website"},"datePublished":"2021-01-15T16:23:12+00:00","dateModified":"2023-09-27T13:47:14+00:00","breadcrumb":{"@id":"https:\/\/www.gansrigler.com\/ausloeser\/agb\/#breadcrumb"},"inLanguage":"de","potentialAction":[{"@type":"ReadAction","target":["https:\/\/www.gansrigler.com\/ausloeser\/agb\/"]}]},{"@type":"BreadcrumbList","@id":"https:\/\/www.gansrigler.com\/ausloeser\/agb\/#breadcrumb","itemListElement":[{"@type":"ListItem","position":1,"name":"Startseite","item":"https:\/\/www.gansrigler.com\/ausloeser\/en\/"},{"@type":"ListItem","position":2,"name":"AGB"}]},{"@type":"WebSite","@id":"https:\/\/www.gansrigler.com\/ausloeser\/#website","url":"https:\/\/www.gansrigler.com\/ausloeser\/","name":"Ausl\u00f6ser","description":"","publisher":{"@id":"https:\/\/www.gansrigler.com\/ausloeser\/#organization"},"potentialAction":[{"@type":"SearchAction","target":{"@type":"EntryPoint","urlTemplate":"https:\/\/www.gansrigler.com\/ausloeser\/?s={search_term_string}"},"query-input":{"@type":"PropertyValueSpecification","valueRequired":true,"valueName":"search_term_string"}}],"inLanguage":"de"},{"@type":"Organization","@id":"https:\/\/www.gansrigler.com\/ausloeser\/#organization","name":"Ausl\u00f6ser","url":"https:\/\/www.gansrigler.com\/ausloeser\/","logo":{"@type":"ImageObject","inLanguage":"de","@id":"https:\/\/www.gansrigler.com\/ausloeser\/#\/schema\/logo\/image\/","url":"https:\/\/www.gansrigler.com\/ausloeser\/wp-content\/uploads\/2019\/01\/logo-e1546802826160.png","contentUrl":"https:\/\/www.gansrigler.com\/ausloeser\/wp-content\/uploads\/2019\/01\/logo-e1546802826160.png","width":299,"height":67,"caption":"Ausl\u00f6ser"},"image":{"@id":"https:\/\/www.gansrigler.com\/ausloeser\/#\/schema\/logo\/image\/"},"sameAs":["https:\/\/www.facebook.com\/ausloesermag\/","https:\/\/x.com\/ausloesermag","https:\/\/www.instagram.com\/ausloesermag\/"]}]}},"_links":{"self":[{"href":"https:\/\/www.gansrigler.com\/ausloeser\/wp-json\/wp\/v2\/pages\/6420","targetHints":{"allow":["GET"]}}],"collection":[{"href":"https:\/\/www.gansrigler.com\/ausloeser\/wp-json\/wp\/v2\/pages"}],"about":[{"href":"https:\/\/www.gansrigler.com\/ausloeser\/wp-json\/wp\/v2\/types\/page"}],"author":[{"embeddable":true,"href":"https:\/\/www.gansrigler.com\/ausloeser\/wp-json\/wp\/v2\/users\/1"}],"replies":[{"embeddable":true,"href":"https:\/\/www.gansrigler.com\/ausloeser\/wp-json\/wp\/v2\/comments?post=6420"}],"version-history":[{"count":8,"href":"https:\/\/www.gansrigler.com\/ausloeser\/wp-json\/wp\/v2\/pages\/6420\/revisions"}],"predecessor-version":[{"id":8011,"href":"https:\/\/www.gansrigler.com\/ausloeser\/wp-json\/wp\/v2\/pages\/6420\/revisions\/8011"}],"wp:attachment":[{"href":"https:\/\/www.gansrigler.com\/ausloeser\/wp-json\/wp\/v2\/media?parent=6420"}],"curies":[{"name":"wp","href":"https:\/\/api.w.org\/{rel}","templated":true}]}}