{"id":6424,"date":"2021-01-15T17:23:57","date_gmt":"2021-01-15T16:23:57","guid":{"rendered":"https:\/\/www.gansrigler.com\/ausloeser\/?page_id=6424"},"modified":"2021-01-15T18:09:56","modified_gmt":"2021-01-15T17:09:56","slug":"datenschutz","status":"publish","type":"page","link":"https:\/\/www.gansrigler.com\/ausloeser\/datenschutz\/","title":{"rendered":"Datenschutz"},"content":{"rendered":"<h2><strong>Datenschutzerkl\u00e4rung<\/strong><\/h2>\n<p>Der Schutz Ihrer pers\u00f6nlichen Daten ist uns ein gro\u00dfes Anliegen. Daher verarbeiten wir Ihre Daten ausschlie\u00dflich auf der Grundlage der gesetzlichen Bestimmungen (DSGVO, TKG 2003). In dieser Datenschutzerkl\u00e4rung informieren wir Sie \u00fcber die wichtigsten Aspekte der Datenverarbeitung auf unserer Website.<\/p>\n<p><strong>Kontaktiere uns<\/strong><br \/>\nUnabh\u00e4ngig davon, ob Sie uns \u00fcber das Formular auf der Website oder per E-Mail kontaktieren, werden Ihre Daten zum Zwecke der Bearbeitung der Anfrage sowie f\u00fcr den Fall von Anschlussfragen gespeichert und je nach Zweck weiter verarbeitet oder gel\u00f6scht Ihrer Anfrage.<\/p>\n<p><strong>SSL-Verschl\u00fcsselung (HTTPS)<\/strong><br \/>\nUm Ihre \u00fcbertragenen Daten bestm\u00f6glich zu sch\u00fctzen, verwenden wir die SSL-Verschl\u00fcsselung. Sie k\u00f6nnen solche verschl\u00fcsselten Verbindungen durch das Pr\u00e4fix \u201ehttps: \/\/\u201c in der Adressleiste Ihres Browsers identifizieren. Unverschl\u00fcsselte Seiten sind mit \u201ehttp: \/\/\u201c gekennzeichnet.<\/p>\n<p>Alle Daten, die Sie an unsere Website senden &#8211; wie Anfragen oder Anmeldungen &#8211; k\u00f6nnen aufgrund der SSL-Verschl\u00fcsselung nicht von Dritten gelesen werden.<\/p>\n<p><strong>Cookies<\/strong><br \/>\nUnsere Website verwendet sogenannte Cookies. Dies sind kleine Textdateien, die mit dem Browser auf Ihrem Ger\u00e4t gespeichert werden. Sie schaden nicht.<\/p>\n<p>Wir verwenden Cookies, um unser Angebot benutzerfreundlich zu gestalten. Einige Cookies bleiben auf Ihrem Ger\u00e4t gespeichert, bis Sie sie l\u00f6schen. Sie erm\u00f6glichen es uns, Ihren Browser bei Ihrem n\u00e4chsten Besuch zu erkennen.<\/p>\n<p>Wenn Sie dies nicht m\u00f6chten, k\u00f6nnen Sie Ihren Browser so einrichten, dass er Sie \u00fcber das Setzen von Cookies informiert und Ihnen die M\u00f6glichkeit gibt, Cookies nur in Einzelf\u00e4llen zuzulassen.<\/p>\n<p><strong>Analytics<\/strong><br \/>\nDiese Website verwendet Funktionen des Webanalysedienstes Google Analytics. Der Service wird von Google Inc., 1600 Amphitheatre Parkway Mountain View, CA 94043, USA, bereitgestellt.<\/p>\n<p>Zu diesem Zweck werden Cookies verwendet, um eine Analyse des Zugriffs der Benutzer auf die Websites zu erm\u00f6glichen. Die dabei erzeugten Informationen werden an den Server des Anbieters \u00fcbertragen und dort gespeichert.<\/p>\n<p>Weitere Informationen zum Umgang mit Nutzerdaten in Google Analytics finden Sie in den Google-Datenschutzbestimmungen. Sie k\u00f6nnen die Erfassung der durch den Cookie generierten Daten durch Google, die sich auf Ihre Nutzung der Website beziehen, sowie die Verarbeitung dieser Daten durch Google verhindern, indem Sie das unter diesem Link verf\u00fcgbare Browser-Plug-In herunterladen und installieren. Alternativ k\u00f6nnen Sie die Erfassung Ihrer Daten durch Google Analytics verhindern, indem Sie auf den folgenden Link klicken. Es wird ein Opt-Out-Cookie gesetzt, das die Erfassung Ihrer Daten bei zuk\u00fcnftigen Besuchen dieser Website verhindert.<\/p>\n<p>Ihre IP-Adresse wird erfasst, aber sofort pseudonymisiert. Dadurch ist nur eine grobe Lokalisierung m\u00f6glich.<\/p>\n<p>Unser Anliegen im Sinne der DSGVO ist die Verbesserung unseres Angebots und unseres Webauftritts. Da uns die Privatsph\u00e4re unserer Nutzer wichtig ist, sind die Nutzerdaten pseudonymisiert.<\/p>\n<p>Die Benutzerdaten werden 14 Monate lang aufbewahrt.<\/p>\n<p><strong>Deine Rechte<\/strong><br \/>\nGrunds\u00e4tzlich haben Sie das Recht auf Information, Berichtigung, L\u00f6schung, Einschr\u00e4nkung, Daten\u00fcbertragbarkeit, Widerruf und Widerspruch. Wenn Sie der Meinung sind, dass die Verarbeitung Ihrer Daten gegen das Datenschutzgesetz verst\u00f6\u00dft oder wenn Ihre Datenschutzanspr\u00fcche anderweitig verletzt wurden, k\u00f6nnen Sie sich bei der Aufsichtsbeh\u00f6rde beschweren. In \u00d6sterreich ist dies die Datenschutzbeh\u00f6rde.<\/p>\n<p>Wien, Januar 2019<\/p>\n","protected":false},"excerpt":{"rendered":"<p>Datenschutzerkl\u00e4rung Der Schutz Ihrer pers\u00f6nlichen Daten ist uns ein gro\u00dfes Anliegen. Daher verarbeiten wir Ihre Daten ausschlie\u00dflich auf der Grundlage der gesetzlichen Bestimmungen (DSGVO, TKG 2003). In dieser Datenschutzerkl\u00e4rung informieren wir Sie \u00fcber die wichtigsten Aspekte der Datenverarbeitung auf unserer Website. Kontaktiere uns Unabh\u00e4ngig davon, ob Sie uns \u00fcber das Formular auf der Website oder [&hellip;]<\/p>\n","protected":false},"author":1,"featured_media":0,"parent":0,"menu_order":0,"comment_status":"closed","ping_status":"closed","template":"templates\/template-small-wrapper.php","meta":{"_acf_changed":false,"footnotes":""},"class_list":["post-6424","page","type-page","status-publish","hentry"],"acf":[],"yoast_head":"<!-- This site is optimized with the Yoast SEO plugin v25.0 - https:\/\/yoast.com\/wordpress\/plugins\/seo\/ -->\n<title>Datenschutz &#8226; Ausl\u00f6ser<\/title>\n<meta name=\"robots\" content=\"index, follow, max-snippet:-1, max-image-preview:large, max-video-preview:-1\" \/>\n<link rel=\"canonical\" href=\"https:\/\/www.gansrigler.com\/ausloeser\/datenschutz\/\" \/>\n<meta property=\"og:locale\" content=\"de_DE\" \/>\n<meta property=\"og:type\" content=\"article\" \/>\n<meta property=\"og:title\" content=\"Datenschutz &#8226; Ausl\u00f6ser\" \/>\n<meta property=\"og:description\" content=\"Datenschutzerkl\u00e4rung Der Schutz Ihrer pers\u00f6nlichen Daten ist uns ein gro\u00dfes Anliegen. Daher verarbeiten wir Ihre Daten ausschlie\u00dflich auf der Grundlage der gesetzlichen Bestimmungen (DSGVO, TKG 2003). In dieser Datenschutzerkl\u00e4rung informieren wir Sie \u00fcber die wichtigsten Aspekte der Datenverarbeitung auf unserer Website. Kontaktiere uns Unabh\u00e4ngig davon, ob Sie uns \u00fcber das Formular auf der Website oder [&hellip;]\" \/>\n<meta property=\"og:url\" content=\"https:\/\/www.gansrigler.com\/ausloeser\/datenschutz\/\" \/>\n<meta property=\"og:site_name\" content=\"Ausl\u00f6ser\" \/>\n<meta property=\"article:publisher\" content=\"https:\/\/www.facebook.com\/ausloesermag\/\" \/>\n<meta property=\"article:modified_time\" content=\"2021-01-15T17:09:56+00:00\" \/>\n<meta name=\"twitter:card\" content=\"summary_large_image\" \/>\n<meta name=\"twitter:site\" content=\"@ausloesermag\" \/>\n<meta name=\"twitter:label1\" content=\"Gesch\u00e4tzte Lesezeit\" \/>\n\t<meta name=\"twitter:data1\" content=\"3\u00a0Minuten\" \/>\n<script type=\"application\/ld+json\" class=\"yoast-schema-graph\">{\"@context\":\"https:\/\/schema.org\",\"@graph\":[{\"@type\":\"WebPage\",\"@id\":\"https:\/\/www.gansrigler.com\/ausloeser\/datenschutz\/\",\"url\":\"https:\/\/www.gansrigler.com\/ausloeser\/datenschutz\/\",\"name\":\"Datenschutz &#8226; Ausl\u00f6ser\",\"isPartOf\":{\"@id\":\"https:\/\/www.gansrigler.com\/ausloeser\/#website\"},\"datePublished\":\"2021-01-15T16:23:57+00:00\",\"dateModified\":\"2021-01-15T17:09:56+00:00\",\"breadcrumb\":{\"@id\":\"https:\/\/www.gansrigler.com\/ausloeser\/datenschutz\/#breadcrumb\"},\"inLanguage\":\"de\",\"potentialAction\":[{\"@type\":\"ReadAction\",\"target\":[\"https:\/\/www.gansrigler.com\/ausloeser\/datenschutz\/\"]}]},{\"@type\":\"BreadcrumbList\",\"@id\":\"https:\/\/www.gansrigler.com\/ausloeser\/datenschutz\/#breadcrumb\",\"itemListElement\":[{\"@type\":\"ListItem\",\"position\":1,\"name\":\"Startseite\",\"item\":\"https:\/\/www.gansrigler.com\/ausloeser\/en\/\"},{\"@type\":\"ListItem\",\"position\":2,\"name\":\"Datenschutz\"}]},{\"@type\":\"WebSite\",\"@id\":\"https:\/\/www.gansrigler.com\/ausloeser\/#website\",\"url\":\"https:\/\/www.gansrigler.com\/ausloeser\/\",\"name\":\"Ausl\u00f6ser\",\"description\":\"\",\"publisher\":{\"@id\":\"https:\/\/www.gansrigler.com\/ausloeser\/#organization\"},\"potentialAction\":[{\"@type\":\"SearchAction\",\"target\":{\"@type\":\"EntryPoint\",\"urlTemplate\":\"https:\/\/www.gansrigler.com\/ausloeser\/?s={search_term_string}\"},\"query-input\":{\"@type\":\"PropertyValueSpecification\",\"valueRequired\":true,\"valueName\":\"search_term_string\"}}],\"inLanguage\":\"de\"},{\"@type\":\"Organization\",\"@id\":\"https:\/\/www.gansrigler.com\/ausloeser\/#organization\",\"name\":\"Ausl\u00f6ser\",\"url\":\"https:\/\/www.gansrigler.com\/ausloeser\/\",\"logo\":{\"@type\":\"ImageObject\",\"inLanguage\":\"de\",\"@id\":\"https:\/\/www.gansrigler.com\/ausloeser\/#\/schema\/logo\/image\/\",\"url\":\"https:\/\/www.gansrigler.com\/ausloeser\/wp-content\/uploads\/2019\/01\/logo-e1546802826160.png\",\"contentUrl\":\"https:\/\/www.gansrigler.com\/ausloeser\/wp-content\/uploads\/2019\/01\/logo-e1546802826160.png\",\"width\":299,\"height\":67,\"caption\":\"Ausl\u00f6ser\"},\"image\":{\"@id\":\"https:\/\/www.gansrigler.com\/ausloeser\/#\/schema\/logo\/image\/\"},\"sameAs\":[\"https:\/\/www.facebook.com\/ausloesermag\/\",\"https:\/\/x.com\/ausloesermag\",\"https:\/\/www.instagram.com\/ausloesermag\/\"]}]}<\/script>\n<!-- \/ Yoast SEO plugin. -->","yoast_head_json":{"title":"Datenschutz &#8226; Ausl\u00f6ser","robots":{"index":"index","follow":"follow","max-snippet":"max-snippet:-1","max-image-preview":"max-image-preview:large","max-video-preview":"max-video-preview:-1"},"canonical":"https:\/\/www.gansrigler.com\/ausloeser\/datenschutz\/","og_locale":"de_DE","og_type":"article","og_title":"Datenschutz &#8226; Ausl\u00f6ser","og_description":"Datenschutzerkl\u00e4rung Der Schutz Ihrer pers\u00f6nlichen Daten ist uns ein gro\u00dfes Anliegen. Daher verarbeiten wir Ihre Daten ausschlie\u00dflich auf der Grundlage der gesetzlichen Bestimmungen (DSGVO, TKG 2003). In dieser Datenschutzerkl\u00e4rung informieren wir Sie \u00fcber die wichtigsten Aspekte der Datenverarbeitung auf unserer Website. Kontaktiere uns Unabh\u00e4ngig davon, ob Sie uns \u00fcber das Formular auf der Website oder [&hellip;]","og_url":"https:\/\/www.gansrigler.com\/ausloeser\/datenschutz\/","og_site_name":"Ausl\u00f6ser","article_publisher":"https:\/\/www.facebook.com\/ausloesermag\/","article_modified_time":"2021-01-15T17:09:56+00:00","twitter_card":"summary_large_image","twitter_site":"@ausloesermag","twitter_misc":{"Gesch\u00e4tzte Lesezeit":"3\u00a0Minuten"},"schema":{"@context":"https:\/\/schema.org","@graph":[{"@type":"WebPage","@id":"https:\/\/www.gansrigler.com\/ausloeser\/datenschutz\/","url":"https:\/\/www.gansrigler.com\/ausloeser\/datenschutz\/","name":"Datenschutz &#8226; Ausl\u00f6ser","isPartOf":{"@id":"https:\/\/www.gansrigler.com\/ausloeser\/#website"},"datePublished":"2021-01-15T16:23:57+00:00","dateModified":"2021-01-15T17:09:56+00:00","breadcrumb":{"@id":"https:\/\/www.gansrigler.com\/ausloeser\/datenschutz\/#breadcrumb"},"inLanguage":"de","potentialAction":[{"@type":"ReadAction","target":["https:\/\/www.gansrigler.com\/ausloeser\/datenschutz\/"]}]},{"@type":"BreadcrumbList","@id":"https:\/\/www.gansrigler.com\/ausloeser\/datenschutz\/#breadcrumb","itemListElement":[{"@type":"ListItem","position":1,"name":"Startseite","item":"https:\/\/www.gansrigler.com\/ausloeser\/en\/"},{"@type":"ListItem","position":2,"name":"Datenschutz"}]},{"@type":"WebSite","@id":"https:\/\/www.gansrigler.com\/ausloeser\/#website","url":"https:\/\/www.gansrigler.com\/ausloeser\/","name":"Ausl\u00f6ser","description":"","publisher":{"@id":"https:\/\/www.gansrigler.com\/ausloeser\/#organization"},"potentialAction":[{"@type":"SearchAction","target":{"@type":"EntryPoint","urlTemplate":"https:\/\/www.gansrigler.com\/ausloeser\/?s={search_term_string}"},"query-input":{"@type":"PropertyValueSpecification","valueRequired":true,"valueName":"search_term_string"}}],"inLanguage":"de"},{"@type":"Organization","@id":"https:\/\/www.gansrigler.com\/ausloeser\/#organization","name":"Ausl\u00f6ser","url":"https:\/\/www.gansrigler.com\/ausloeser\/","logo":{"@type":"ImageObject","inLanguage":"de","@id":"https:\/\/www.gansrigler.com\/ausloeser\/#\/schema\/logo\/image\/","url":"https:\/\/www.gansrigler.com\/ausloeser\/wp-content\/uploads\/2019\/01\/logo-e1546802826160.png","contentUrl":"https:\/\/www.gansrigler.com\/ausloeser\/wp-content\/uploads\/2019\/01\/logo-e1546802826160.png","width":299,"height":67,"caption":"Ausl\u00f6ser"},"image":{"@id":"https:\/\/www.gansrigler.com\/ausloeser\/#\/schema\/logo\/image\/"},"sameAs":["https:\/\/www.facebook.com\/ausloesermag\/","https:\/\/x.com\/ausloesermag","https:\/\/www.instagram.com\/ausloesermag\/"]}]}},"_links":{"self":[{"href":"https:\/\/www.gansrigler.com\/ausloeser\/wp-json\/wp\/v2\/pages\/6424","targetHints":{"allow":["GET"]}}],"collection":[{"href":"https:\/\/www.gansrigler.com\/ausloeser\/wp-json\/wp\/v2\/pages"}],"about":[{"href":"https:\/\/www.gansrigler.com\/ausloeser\/wp-json\/wp\/v2\/types\/page"}],"author":[{"embeddable":true,"href":"https:\/\/www.gansrigler.com\/ausloeser\/wp-json\/wp\/v2\/users\/1"}],"replies":[{"embeddable":true,"href":"https:\/\/www.gansrigler.com\/ausloeser\/wp-json\/wp\/v2\/comments?post=6424"}],"version-history":[{"count":5,"href":"https:\/\/www.gansrigler.com\/ausloeser\/wp-json\/wp\/v2\/pages\/6424\/revisions"}],"predecessor-version":[{"id":6457,"href":"https:\/\/www.gansrigler.com\/ausloeser\/wp-json\/wp\/v2\/pages\/6424\/revisions\/6457"}],"wp:attachment":[{"href":"https:\/\/www.gansrigler.com\/ausloeser\/wp-json\/wp\/v2\/media?parent=6424"}],"curies":[{"name":"wp","href":"https:\/\/api.w.org\/{rel}","templated":true}]}}