{"id":7156,"date":"2021-03-18T14:12:09","date_gmt":"2021-03-18T13:12:09","guid":{"rendered":"https:\/\/www.gansrigler.com\/ausloeser\/?page_id=7156"},"modified":"2023-03-06T11:18:30","modified_gmt":"2023-03-06T10:18:30","slug":"newsletter-archive","status":"publish","type":"page","link":"https:\/\/www.gansrigler.com\/ausloeser\/en\/newsletter-archive\/","title":{"rendered":"Newsletter Archive"},"content":{"rendered":"<h1>Newsletter Archive<\/h1>\n<p><strong>2023<\/strong><\/p>\n<table dir=\"ltr\" border=\"1\" cellspacing=\"0\" cellpadding=\"0\">\n<colgroup>\n<col width=\"280\" \/>\n<col width=\"332\" \/><\/colgroup>\n<tbody>\n<tr>\n<td style=\"width: 20%; text-align: left;\">2023 03 06<\/td>\n<td><a href=\"https:\/\/mailchi.mp\/2dda995a3de4\/ausloeser-news-11601560\" target=\"_blank\" rel=\"noopener\">Pause<\/a><\/td>\n<\/tr>\n<\/tbody>\n<\/table>\n<p>&nbsp;<\/p>\n<p><strong>2022<\/strong><\/p>\n<table dir=\"ltr\" border=\"1\" cellspacing=\"0\" cellpadding=\"0\">\n<colgroup>\n<col width=\"280\" \/>\n<col width=\"332\" \/><\/colgroup>\n<tbody>\n<tr>\n<td style=\"width: 20%; text-align: left;\">2022 12 10<\/td>\n<td><a href=\"https:\/\/mailchi.mp\/2c0392cb468c\/ausloeser-news-11588976\" target=\"_blank\" rel=\"noopener\">Noch bis Sonntag: Ausl\u00f6ser POPUP<\/a><\/td>\n<\/tr>\n<tr>\n<td style=\"width: 20%; text-align: left;\">2022 12 05<\/td>\n<td><a href=\"https:\/\/mailchi.mp\/f92d74944b63\/ausloeser-news-11587960\" target=\"_blank\" rel=\"noopener\">Gedruckt und gebl\u00e4ttert<\/a><\/td>\n<\/tr>\n<tr>\n<td style=\"width: 20%; text-align: left;\">2022 11 22<\/td>\n<td><a href=\"https:\/\/mailchi.mp\/c8b5414f02fa\/ausloeser-news-11582256\" target=\"_blank\" rel=\"noopener\">Ausl\u00f6ser POPUP<\/a><\/td>\n<\/tr>\n<tr>\n<td style=\"width: 20%; text-align: left;\">2022 09 06<\/td>\n<td><a href=\"https:\/\/mailchi.mp\/76c3c3775d8b\/ausloeser-news-11573804\" target=\"_blank\" rel=\"noopener\">Herzlich empfohlen: OFF GRID &amp; Vienna Contemporary<\/a><\/td>\n<\/tr>\n<tr>\n<td style=\"width: 20%; text-align: left;\">2022 06 24<\/td>\n<td><a href=\"https:\/\/mailchi.mp\/95a9d75509c7\/ausloeser-news-11531360\" target=\"_blank\" rel=\"noopener\">40% Summer Sale<\/a><\/td>\n<\/tr>\n<tr>\n<td style=\"width: 20%; text-align: left;\">2022 06 08<\/td>\n<td><a href=\"https:\/\/mailchi.mp\/2c137075d4bb\/ausloeser-news-11528736\" target=\"_blank\" rel=\"noopener\">Ausl\u00f6ser Super Summer Sale<\/a><\/td>\n<\/tr>\n<tr>\n<td style=\"width: 20%; text-align: left;\">2022 05 18<\/td>\n<td><a href=\"https:\/\/mailchi.mp\/ce739b711958\/ausloeser-news-11525176\" target=\"_blank\" rel=\"noopener\">Ausl\u00f6ser @ Mumok &amp; Tummelplatz<\/a><\/td>\n<\/tr>\n<tr>\n<td style=\"width: 20%; text-align: left;\">2022 05 03<\/td>\n<td><a href=\"https:\/\/mailchi.mp\/6473b7538f0b\/ausloeser-news-11523412\" target=\"_blank\" rel=\"noopener\">Hallo, Ausl\u00f6ser Events<\/a><\/td>\n<\/tr>\n<tr>\n<td style=\"width: 20%; text-align: left;\">2022 03 10<\/td>\n<td><a href=\"https:\/\/mailchi.mp\/bc168ec68934\/ausloeser-news-11355428\" target=\"_blank\" rel=\"noopener\">Release Party, Yeah!<\/a><\/td>\n<\/tr>\n<tr>\n<td style=\"width: 20%; text-align: left;\">2022 03 02<\/td>\n<td><a href=\"https:\/\/mailchi.mp\/8749da9666ff\/ausloeser-news-11353776\" target=\"_blank\" rel=\"noopener\">Hallo Ausl\u00f6si 5<\/a><\/td>\n<\/tr>\n<tr>\n<td style=\"width: 20%; text-align: left;\">2022 02 21<\/td>\n<td><a href=\"https:\/\/mailchi.mp\/e7669fa9d5a9\/ausloeser-news-11323012\" target=\"_blank\" rel=\"noopener\">Ausl\u00f6ser N\u00b0 5 Magazin Release Party<\/a><\/td>\n<\/tr>\n<tr>\n<td style=\"width: 20%; text-align: left;\">2022 02 04<\/td>\n<td><a href=\"https:\/\/mailchi.mp\/a174cab1d125\/ausloeser-news-11321052\" target=\"_blank\" rel=\"noopener\">Aller guten Dinge sind 5<\/a><\/td>\n<\/tr>\n<tr>\n<td style=\"width: 20%; text-align: left;\">2022 01 27<\/td>\n<td><a href=\"https:\/\/mailchi.mp\/8d2956245d4e\/ausloeser-news-11304836\" target=\"_blank\" rel=\"noopener\">Ein neuer Ausl\u00f6ser<\/a><\/td>\n<\/tr>\n<\/tbody>\n<\/table>\n<p>&nbsp;<\/p>\n<p><strong>2021<\/strong><\/p>\n<table dir=\"ltr\" border=\"1\" cellspacing=\"0\" cellpadding=\"0\">\n<colgroup>\n<col width=\"280\" \/>\n<col width=\"332\" \/><\/colgroup>\n<tbody>\n<tr>\n<td style=\"width: 20%; text-align: left;\">2021 12 23<\/td>\n<td><a href=\"https:\/\/mailchi.mp\/9a738b2b6931\/ausloeser-news-8283196\" target=\"_blank\" rel=\"noopener\">Thank you &amp; Happy Holidays<\/a><\/td>\n<\/tr>\n<tr>\n<td style=\"width: 20%; text-align: left;\">2021 11 10<\/td>\n<td><a href=\"https:\/\/mailchi.mp\/33196874a912\/ausloeser-news-8276288\" target=\"_blank\" rel=\"noopener\">Ausl\u00f6ser @ SUPER BOOKS<\/a><\/td>\n<\/tr>\n<tr>\n<td style=\"width: 20%; text-align: left;\">2021 09 06<\/td>\n<td><a href=\"https:\/\/mailchi.mp\/b61c04481ff3\/ausloeser-news-8262904\" target=\"_blank\" rel=\"noopener\">Indiecon, Off Grid, Fotodoks<\/a><\/td>\n<\/tr>\n<tr>\n<td style=\"width: 20%; text-align: left;\">2021 07 23<\/td>\n<td><a href=\"https:\/\/mailchi.mp\/9b0a8e679fb9\/ausloeser-news-8133704\" target=\"_blank\" rel=\"noopener\">OFF GRID Open Call Reminder<\/a><\/td>\n<\/tr>\n<tr>\n<td style=\"width: 20%; text-align: left;\">2021 07 06<\/td>\n<td><a href=\"https:\/\/mailchi.mp\/585be93ff799\/ausloeser-news-8131108\" target=\"_blank\" rel=\"noopener\">Fotografiefestivalliebe<\/a><\/td>\n<\/tr>\n<tr>\n<td style=\"width: 20%; text-align: left;\">2021 06 21<\/td>\n<td><a href=\"https:\/\/mailchi.mp\/4eabff9b996d\/ausloeser-news-8128752\" target=\"_blank\" rel=\"noopener\">30% weniger Sommerhitze<\/a><\/td>\n<\/tr>\n<tr>\n<td style=\"width: 20%; text-align: left;\">2021 05 24<\/td>\n<td><a href=\"https:\/\/mailchi.mp\/99d033abf3e5\/ausloeser-news-8119820\" target=\"_blank\" rel=\"noopener\">Ausl\u00f6ser at Parallel Vienna Editions<br \/>\n<\/a><\/td>\n<\/tr>\n<tr>\n<td style=\"width: 20%; text-align: left;\">2021 03 26<\/td>\n<td><a href=\"https:\/\/mailchi.mp\/a96d90d86ab0\/ausloeser-news-8112352?e=85191a2495\" target=\"_blank\" rel=\"noopener\">Was sagen Sie denn dazu?<\/a><\/td>\n<\/tr>\n<tr>\n<td style=\"width: 20%; text-align: left;\">2021 03 08<\/td>\n<td><a href=\"https:\/\/mailchi.mp\/672a5aca6bb5\/ausloeser-news-8107300\" target=\"_blank\" rel=\"noopener\">Hallo Ausl\u00f6ser N\u00b0 4<\/a><\/td>\n<\/tr>\n<tr>\n<td style=\"width: 20%; text-align: left;\">2021 02 26<\/td>\n<td><a href=\"https:\/\/mailchi.mp\/787d81369ec2\/ausloeser-news-8106104\" target=\"_blank\" rel=\"noopener\">The Arrival<\/a><\/td>\n<\/tr>\n<tr>\n<td style=\"width: 20%; text-align: left;\">2021 02 19<\/td>\n<td><a href=\"https:\/\/mailchi.mp\/8afb34aba866\/ausloeser-news-8101244\" target=\"_blank\" rel=\"noopener\">Printing Ausl\u00f6ser N\u00ba 4 :O<\/a><\/td>\n<\/tr>\n<tr>\n<td style=\"width: 20%;\">2021 02 01<\/td>\n<td><a href=\"https:\/\/mailchi.mp\/3d0d2aecbd9b\/ausloeser-news-8082436\" target=\"_blank\" rel=\"noopener\">Pre-order Ausl\u00f6ser N\u00ba 4<\/a><\/td>\n<\/tr>\n<\/tbody>\n<\/table>\n<p>&nbsp;<\/p>\n<p><strong>2020<\/strong><\/p>\n<table dir=\"ltr\" border=\"1\" cellspacing=\"0\" cellpadding=\"0\">\n<colgroup>\n<col width=\"280\" \/>\n<col width=\"332\" \/><\/colgroup>\n<tbody>\n<tr>\n<td style=\"width: 20%;\">2020 12 22<\/td>\n<td><a href=\"https:\/\/mailchi.mp\/bfc3d130c5cc\/ausloeser-news-8050952\" target=\"_blank\" rel=\"noopener\">Happy Holidays from Ausl\u00f6ser<\/a><\/td>\n<\/tr>\n<tr>\n<td style=\"width: 20%;\">2020 12 07<\/td>\n<td><a href=\"https:\/\/mailchi.mp\/15e56379ce1e\/ausloeser-news-8040040\" target=\"_blank\" rel=\"noopener\">Holy Ausl\u00f6ser! 20% off all online-shop orders!<\/a><\/td>\n<\/tr>\n<tr>\n<td style=\"width: 20%;\">2020 10 26<\/td>\n<td><a href=\"https:\/\/mailchi.mp\/d53f33d8794b\/ausloeser-news-8026784\" target=\"_blank\" rel=\"noopener\">OFF GRID Foto Festival Wien<\/a><\/td>\n<\/tr>\n<tr>\n<td style=\"width: 20%;\">2020 09 21<\/td>\n<td><a href=\"https:\/\/mailchi.mp\/4ebc71d39d0c\/ausloeser-news-8019116\" target=\"_blank\" rel=\"noopener\">Ausl\u00f6ser zeigt Andrucke<\/a><\/td>\n<\/tr>\n<tr>\n<td style=\"width: 20%;\">2020 09 01<\/td>\n<td><a href=\"https:\/\/mailchi.mp\/b910dc9f16c4\/ausloeser-news-1318767\" target=\"_blank\" rel=\"noopener\">Ausl\u00f6ser at Indiecon Hamburg<\/a><\/td>\n<\/tr>\n<tr>\n<td style=\"width: 20%;\">2020 03 10<\/td>\n<td><a href=\"https:\/\/mailchi.mp\/47c22ca6516a\/ausloeser-news-518443\" target=\"_blank\" rel=\"noopener\">Abgesagt: Ausl\u00f6ser 3 Release Party<\/a><\/td>\n<\/tr>\n<tr>\n<td style=\"width: 20%;\">2020 03 07<\/td>\n<td><a href=\"https:\/\/mailchi.mp\/8cf2009ef7f4\/ausloeser-news-516243\" target=\"_blank\" rel=\"noopener\">Ausl\u00f6ser Issue 3 Release<\/a><\/td>\n<\/tr>\n<tr>\n<td style=\"width: 20%;\">2020 02 24<\/td>\n<td><a href=\"https:\/\/mailchi.mp\/6ede0481a143\/ausloeser-news-510783\" target=\"_blank\" rel=\"noopener\">Issue 3 Hot Off The Press<\/a><\/td>\n<\/tr>\n<tr>\n<td style=\"width: 20%;\">2020 02 14<\/td>\n<td><a href=\"https:\/\/mailchi.mp\/d848cf5fc264\/ausloeser-news-507983\" target=\"_blank\" rel=\"noopener\">Ausl\u00f6ser 3 Release Party<\/a><\/td>\n<\/tr>\n<tr>\n<td style=\"width: 20%;\">2020 01 24<\/td>\n<td><a href=\"https:\/\/mailchi.mp\/dec30c93c390\/ausloeser-news-498955\" target=\"_blank\" rel=\"noopener\">Issue 3 coming March 2020<\/a><\/td>\n<\/tr>\n<\/tbody>\n<\/table>\n<p>&nbsp;<\/p>\n<p><strong>2019<\/strong><\/p>\n<table dir=\"ltr\" border=\"1\" cellspacing=\"0\" cellpadding=\"0\">\n<colgroup>\n<col width=\"280\" \/>\n<col width=\"332\" \/><\/colgroup>\n<tbody>\n<tr>\n<td style=\"width: 20%;\">2019 12 24<\/td>\n<td><a href=\"https:\/\/mailchi.mp\/f103a1995afe\/ausloeser-news-487027\" target=\"_blank\" rel=\"noopener\">Ausgel\u00f6ste Happy Holidays<\/a><\/td>\n<\/tr>\n<tr>\n<td style=\"width: 20%;\">2019 11 28<\/td>\n<td><a href=\"https:\/\/mailchi.mp\/a4040848403f\/ausloeser-news-475231\" target=\"_blank\" rel=\"noopener\">Pre-order Ausl\u00f6ser Issue 3<\/a><\/td>\n<\/tr>\n<tr>\n<td style=\"width: 20%;\">2019 11 13<\/td>\n<td><a href=\"https:\/\/mailchi.mp\/5ea7e4cb3a88\/ausloeser-news-468775\" target=\"_blank\" rel=\"noopener\">Einladung: OTAMP X Ausl\u00f6ser Ausstellungser\u00f6ffnung<\/a><\/td>\n<\/tr>\n<tr>\n<td style=\"width: 20%;\">2019 11 05<\/td>\n<td><a href=\"https:\/\/mailchi.mp\/317e429d9c87\/ausloeser-news-464967\" target=\"_blank\" rel=\"noopener\">Ausl\u00f6ser at Potentiale Feldkirch<\/a><\/td>\n<\/tr>\n<tr>\n<td style=\"width: 20%;\">2019 09 23<\/td>\n<td><a href=\"https:\/\/mailchi.mp\/51e6f149a600\/ausloeser-news-444167\" target=\"_blank\" rel=\"noopener\">Ausl\u00f6ser News #12 &#8211; Upcoming events<\/a><\/td>\n<\/tr>\n<tr>\n<td style=\"width: 20%;\">2019 09 03<\/td>\n<td><a href=\"https:\/\/mailchi.mp\/b1f1f48ecad2\/ausloeser-news-433831\" target=\"_blank\" rel=\"noopener\">Ausl\u00f6ser News #11 &#8211; Release Party Tomorrow!<\/a><\/td>\n<\/tr>\n<tr>\n<td style=\"width: 20%;\">2019 08 19<\/td>\n<td><a href=\"https:\/\/mailchi.mp\/2d45570fe6d7\/ausloeser-news-10\" target=\"_blank\" rel=\"noopener\">Ausl\u00f6ser News #10 &#8211; Release Party<\/a><\/td>\n<\/tr>\n<tr>\n<td style=\"width: 20%;\">2019 08 09<\/td>\n<td><a href=\"https:\/\/mailchi.mp\/de4595b45a65\/auslser-news-1-welcome-423267\" target=\"_blank\" rel=\"noopener\">Ausl\u00f6ser News #9 &#8211; Pre-order Issue 2<\/a><\/td>\n<\/tr>\n<tr>\n<td style=\"width: 20%;\">2019 07 16<\/td>\n<td><a href=\"https:\/\/mailchi.mp\/54f3a17600b3\/auslser-news-1-welcome-411611\" target=\"_blank\" rel=\"noopener\">Ausl\u00f6ser News #8 &#8211; Subscribe<\/a><\/td>\n<\/tr>\n<tr>\n<td style=\"width: 20%;\">2019 06 12<\/td>\n<td><a href=\"https:\/\/mailchi.mp\/a2a81e2b30eb\/auslser-news-1-welcome-394083\" target=\"_blank\" rel=\"noopener\">Ausl\u00f6ser News #7 &#8211; Feschmarkt Wien<\/a><\/td>\n<\/tr>\n<tr>\n<td style=\"width: 20%;\">2019 05 21<\/td>\n<td><a href=\"https:\/\/mailchi.mp\/4ec00aac398a\/auslser-news-1-welcome-374207\" target=\"_blank\" rel=\"noopener\">Ausl\u00f6ser News #6 &#8211; Upcoming events<\/a><\/td>\n<\/tr>\n<tr>\n<td style=\"width: 20%;\">2019 04 18<\/td>\n<td><a href=\"https:\/\/mailchi.mp\/815ee13bc6ac\/auslser-news-1-welcome-363131\" target=\"_blank\" rel=\"noopener\">Ausl\u00f6ser News #5 &#8211; Feschmarkt Linz<\/a><\/td>\n<\/tr>\n<tr>\n<td style=\"width: 20%;\">2019 04 01<\/td>\n<td><a href=\"https:\/\/mailchi.mp\/c020fe48b868\/auslser-news-1-welcome-351087\" target=\"_blank\" rel=\"noopener\">Ausl\u00f6ser News #4 &#8211; Submit for Issue 2<\/a><\/td>\n<\/tr>\n<tr>\n<td style=\"width: 20%;\">2019 03 19<\/td>\n<td><a href=\"https:\/\/mailchi.mp\/35df984735f6\/auslser-news-1-welcome-333407\" target=\"_blank\" rel=\"noopener\">Ausl\u00f6ser News #3 &#8211; FOTO WIEN<\/a><\/td>\n<\/tr>\n<tr>\n<td style=\"width: 20%;\">2019 02 25<\/td>\n<td><a href=\"https:\/\/mailchi.mp\/d403639fd12d\/auslser-news-1-welcome-325551\" target=\"_blank\" rel=\"noopener\">Ausl\u00f6ser News #2 &#8211; Release Party!<\/a><\/td>\n<\/tr>\n<tr>\n<td style=\"width: 20%;\">2019 01 29<\/td>\n<td><a href=\"https:\/\/mailchi.mp\/81fc6f04387e\/auslser-news-1-welcome\" target=\"_blank\" rel=\"noopener\">Ausl\u00f6ser News #1 &#8211; Welcome<\/a><\/td>\n<\/tr>\n<\/tbody>\n<\/table>\n<p>&nbsp;<\/p>\n","protected":false},"excerpt":{"rendered":"<p>Newsletter Archive 2023 2023 03 06 Pause &nbsp; 2022 2022 12 10 Noch bis Sonntag: Ausl\u00f6ser POPUP 2022 12 05 Gedruckt und gebl\u00e4ttert 2022 11 22 Ausl\u00f6ser POPUP 2022 09 06 Herzlich empfohlen: OFF GRID &amp; Vienna Contemporary 2022 06 24 40% Summer Sale 2022 06 08 Ausl\u00f6ser Super Summer Sale 2022 05 18 Ausl\u00f6ser [&hellip;]<\/p>\n","protected":false},"author":1,"featured_media":0,"parent":0,"menu_order":0,"comment_status":"closed","ping_status":"closed","template":"templates\/template-small-wrapper.php","meta":{"_acf_changed":false,"footnotes":""},"class_list":["post-7156","page","type-page","status-publish","hentry"],"acf":[],"yoast_head":"<!-- This site is optimized with the Yoast SEO plugin v25.0 - https:\/\/yoast.com\/wordpress\/plugins\/seo\/ -->\n<title>Newsletter Archive &#8226; Ausl\u00f6ser<\/title>\n<meta name=\"robots\" content=\"index, follow, max-snippet:-1, max-image-preview:large, max-video-preview:-1\" \/>\n<link rel=\"canonical\" href=\"https:\/\/www.gansrigler.com\/ausloeser\/en\/newsletter-archive\/\" \/>\n<meta property=\"og:locale\" content=\"de_DE\" \/>\n<meta property=\"og:type\" content=\"article\" \/>\n<meta property=\"og:title\" content=\"Newsletter Archive &#8226; Ausl\u00f6ser\" \/>\n<meta property=\"og:description\" content=\"Newsletter Archive 2023 2023 03 06 Pause &nbsp; 2022 2022 12 10 Noch bis Sonntag: Ausl\u00f6ser POPUP 2022 12 05 Gedruckt und gebl\u00e4ttert 2022 11 22 Ausl\u00f6ser POPUP 2022 09 06 Herzlich empfohlen: OFF GRID &amp; Vienna Contemporary 2022 06 24 40% Summer Sale 2022 06 08 Ausl\u00f6ser Super Summer Sale 2022 05 18 Ausl\u00f6ser [&hellip;]\" \/>\n<meta property=\"og:url\" content=\"https:\/\/www.gansrigler.com\/ausloeser\/en\/newsletter-archive\/\" \/>\n<meta property=\"og:site_name\" content=\"Ausl\u00f6ser\" \/>\n<meta property=\"article:publisher\" content=\"https:\/\/www.facebook.com\/ausloesermag\/\" \/>\n<meta property=\"article:modified_time\" content=\"2023-03-06T10:18:30+00:00\" \/>\n<meta name=\"twitter:card\" content=\"summary_large_image\" \/>\n<meta name=\"twitter:site\" content=\"@ausloesermag\" \/>\n<meta name=\"twitter:label1\" content=\"Gesch\u00e4tzte Lesezeit\" \/>\n\t<meta name=\"twitter:data1\" content=\"3\u00a0Minuten\" \/>\n<script type=\"application\/ld+json\" class=\"yoast-schema-graph\">{\"@context\":\"https:\/\/schema.org\",\"@graph\":[{\"@type\":\"WebPage\",\"@id\":\"https:\/\/www.gansrigler.com\/ausloeser\/en\/newsletter-archive\/\",\"url\":\"https:\/\/www.gansrigler.com\/ausloeser\/en\/newsletter-archive\/\",\"name\":\"Newsletter Archive &#8226; Ausl\u00f6ser\",\"isPartOf\":{\"@id\":\"https:\/\/www.gansrigler.com\/ausloeser\/#website\"},\"datePublished\":\"2021-03-18T13:12:09+00:00\",\"dateModified\":\"2023-03-06T10:18:30+00:00\",\"breadcrumb\":{\"@id\":\"https:\/\/www.gansrigler.com\/ausloeser\/en\/newsletter-archive\/#breadcrumb\"},\"inLanguage\":\"de\",\"potentialAction\":[{\"@type\":\"ReadAction\",\"target\":[\"https:\/\/www.gansrigler.com\/ausloeser\/en\/newsletter-archive\/\"]}]},{\"@type\":\"BreadcrumbList\",\"@id\":\"https:\/\/www.gansrigler.com\/ausloeser\/en\/newsletter-archive\/#breadcrumb\",\"itemListElement\":[{\"@type\":\"ListItem\",\"position\":1,\"name\":\"Startseite\",\"item\":\"https:\/\/www.gansrigler.com\/ausloeser\/en\/\"},{\"@type\":\"ListItem\",\"position\":2,\"name\":\"Newsletter Archive\"}]},{\"@type\":\"WebSite\",\"@id\":\"https:\/\/www.gansrigler.com\/ausloeser\/#website\",\"url\":\"https:\/\/www.gansrigler.com\/ausloeser\/\",\"name\":\"Ausl\u00f6ser\",\"description\":\"\",\"publisher\":{\"@id\":\"https:\/\/www.gansrigler.com\/ausloeser\/#organization\"},\"potentialAction\":[{\"@type\":\"SearchAction\",\"target\":{\"@type\":\"EntryPoint\",\"urlTemplate\":\"https:\/\/www.gansrigler.com\/ausloeser\/?s={search_term_string}\"},\"query-input\":{\"@type\":\"PropertyValueSpecification\",\"valueRequired\":true,\"valueName\":\"search_term_string\"}}],\"inLanguage\":\"de\"},{\"@type\":\"Organization\",\"@id\":\"https:\/\/www.gansrigler.com\/ausloeser\/#organization\",\"name\":\"Ausl\u00f6ser\",\"url\":\"https:\/\/www.gansrigler.com\/ausloeser\/\",\"logo\":{\"@type\":\"ImageObject\",\"inLanguage\":\"de\",\"@id\":\"https:\/\/www.gansrigler.com\/ausloeser\/#\/schema\/logo\/image\/\",\"url\":\"https:\/\/www.gansrigler.com\/ausloeser\/wp-content\/uploads\/2019\/01\/logo-e1546802826160.png\",\"contentUrl\":\"https:\/\/www.gansrigler.com\/ausloeser\/wp-content\/uploads\/2019\/01\/logo-e1546802826160.png\",\"width\":299,\"height\":67,\"caption\":\"Ausl\u00f6ser\"},\"image\":{\"@id\":\"https:\/\/www.gansrigler.com\/ausloeser\/#\/schema\/logo\/image\/\"},\"sameAs\":[\"https:\/\/www.facebook.com\/ausloesermag\/\",\"https:\/\/x.com\/ausloesermag\",\"https:\/\/www.instagram.com\/ausloesermag\/\"]}]}<\/script>\n<!-- \/ Yoast SEO plugin. -->","yoast_head_json":{"title":"Newsletter Archive &#8226; Ausl\u00f6ser","robots":{"index":"index","follow":"follow","max-snippet":"max-snippet:-1","max-image-preview":"max-image-preview:large","max-video-preview":"max-video-preview:-1"},"canonical":"https:\/\/www.gansrigler.com\/ausloeser\/en\/newsletter-archive\/","og_locale":"de_DE","og_type":"article","og_title":"Newsletter Archive &#8226; Ausl\u00f6ser","og_description":"Newsletter Archive 2023 2023 03 06 Pause &nbsp; 2022 2022 12 10 Noch bis Sonntag: Ausl\u00f6ser POPUP 2022 12 05 Gedruckt und gebl\u00e4ttert 2022 11 22 Ausl\u00f6ser POPUP 2022 09 06 Herzlich empfohlen: OFF GRID &amp; Vienna Contemporary 2022 06 24 40% Summer Sale 2022 06 08 Ausl\u00f6ser Super Summer Sale 2022 05 18 Ausl\u00f6ser [&hellip;]","og_url":"https:\/\/www.gansrigler.com\/ausloeser\/en\/newsletter-archive\/","og_site_name":"Ausl\u00f6ser","article_publisher":"https:\/\/www.facebook.com\/ausloesermag\/","article_modified_time":"2023-03-06T10:18:30+00:00","twitter_card":"summary_large_image","twitter_site":"@ausloesermag","twitter_misc":{"Gesch\u00e4tzte Lesezeit":"3\u00a0Minuten"},"schema":{"@context":"https:\/\/schema.org","@graph":[{"@type":"WebPage","@id":"https:\/\/www.gansrigler.com\/ausloeser\/en\/newsletter-archive\/","url":"https:\/\/www.gansrigler.com\/ausloeser\/en\/newsletter-archive\/","name":"Newsletter Archive &#8226; Ausl\u00f6ser","isPartOf":{"@id":"https:\/\/www.gansrigler.com\/ausloeser\/#website"},"datePublished":"2021-03-18T13:12:09+00:00","dateModified":"2023-03-06T10:18:30+00:00","breadcrumb":{"@id":"https:\/\/www.gansrigler.com\/ausloeser\/en\/newsletter-archive\/#breadcrumb"},"inLanguage":"de","potentialAction":[{"@type":"ReadAction","target":["https:\/\/www.gansrigler.com\/ausloeser\/en\/newsletter-archive\/"]}]},{"@type":"BreadcrumbList","@id":"https:\/\/www.gansrigler.com\/ausloeser\/en\/newsletter-archive\/#breadcrumb","itemListElement":[{"@type":"ListItem","position":1,"name":"Startseite","item":"https:\/\/www.gansrigler.com\/ausloeser\/en\/"},{"@type":"ListItem","position":2,"name":"Newsletter Archive"}]},{"@type":"WebSite","@id":"https:\/\/www.gansrigler.com\/ausloeser\/#website","url":"https:\/\/www.gansrigler.com\/ausloeser\/","name":"Ausl\u00f6ser","description":"","publisher":{"@id":"https:\/\/www.gansrigler.com\/ausloeser\/#organization"},"potentialAction":[{"@type":"SearchAction","target":{"@type":"EntryPoint","urlTemplate":"https:\/\/www.gansrigler.com\/ausloeser\/?s={search_term_string}"},"query-input":{"@type":"PropertyValueSpecification","valueRequired":true,"valueName":"search_term_string"}}],"inLanguage":"de"},{"@type":"Organization","@id":"https:\/\/www.gansrigler.com\/ausloeser\/#organization","name":"Ausl\u00f6ser","url":"https:\/\/www.gansrigler.com\/ausloeser\/","logo":{"@type":"ImageObject","inLanguage":"de","@id":"https:\/\/www.gansrigler.com\/ausloeser\/#\/schema\/logo\/image\/","url":"https:\/\/www.gansrigler.com\/ausloeser\/wp-content\/uploads\/2019\/01\/logo-e1546802826160.png","contentUrl":"https:\/\/www.gansrigler.com\/ausloeser\/wp-content\/uploads\/2019\/01\/logo-e1546802826160.png","width":299,"height":67,"caption":"Ausl\u00f6ser"},"image":{"@id":"https:\/\/www.gansrigler.com\/ausloeser\/#\/schema\/logo\/image\/"},"sameAs":["https:\/\/www.facebook.com\/ausloesermag\/","https:\/\/x.com\/ausloesermag","https:\/\/www.instagram.com\/ausloesermag\/"]}]}},"_links":{"self":[{"href":"https:\/\/www.gansrigler.com\/ausloeser\/wp-json\/wp\/v2\/pages\/7156","targetHints":{"allow":["GET"]}}],"collection":[{"href":"https:\/\/www.gansrigler.com\/ausloeser\/wp-json\/wp\/v2\/pages"}],"about":[{"href":"https:\/\/www.gansrigler.com\/ausloeser\/wp-json\/wp\/v2\/types\/page"}],"author":[{"embeddable":true,"href":"https:\/\/www.gansrigler.com\/ausloeser\/wp-json\/wp\/v2\/users\/1"}],"replies":[{"embeddable":true,"href":"https:\/\/www.gansrigler.com\/ausloeser\/wp-json\/wp\/v2\/comments?post=7156"}],"version-history":[{"count":19,"href":"https:\/\/www.gansrigler.com\/ausloeser\/wp-json\/wp\/v2\/pages\/7156\/revisions"}],"predecessor-version":[{"id":7929,"href":"https:\/\/www.gansrigler.com\/ausloeser\/wp-json\/wp\/v2\/pages\/7156\/revisions\/7929"}],"wp:attachment":[{"href":"https:\/\/www.gansrigler.com\/ausloeser\/wp-json\/wp\/v2\/media?parent=7156"}],"curies":[{"name":"wp","href":"https:\/\/api.w.org\/{rel}","templated":true}]}}